{"id":27542,"date":"2023-10-28T10:36:37","date_gmt":"2023-10-28T08:36:37","guid":{"rendered":"https:\/\/www.miravila.com\/product\/scarpa-pendant-capio-leopard-6x52x112-cm\/"},"modified":"2023-10-28T10:36:38","modified_gmt":"2023-10-28T08:36:38","slug":"scarpa-pendant-capio-leopard-6x52x112-cm","status":"publish","type":"product","link":"https:\/\/www.miravila.com\/it\/prodotto\/scarpa-pendant-capio-leopard-6x52x112-cm\/","title":{"rendered":"SCARPA PENDANT CAPIO-LEOPARD 6X5,2&#215;11,2 CM"},"content":{"rendered":"","protected":false},"excerpt":{"rendered":"<p>Un paio di scarpe a coppie-leopardo \u00e8 una decorazione natalizia unica che sicuramente migliorer\u00e0 l&#8217;atmosfera delle vacanze. Con la sua immagine leopardata e le dimensioni 6&#215;5,2&#215;11,2 cm, \u00e8 l&#8217;aggiunta perfetta alla decorazione di abeti o come regalo per il periodo natalizio.<\/p>\n","protected":false},"featured_media":24776,"comment_status":"closed","ping_status":"open","template":"","meta":[],"product_brand":[],"product_cat":[3679,2073],"product_tag":[],"class_list":{"0":"post-27542","1":"product","2":"type-product","3":"status-publish","4":"has-post-thumbnail","6":"product_cat-decorazioni-di-capodanno","7":"product_cat-natale","8":"pa_barva-oro","9":"pa_material-bicchiere","10":"pa_visina-11-it","12":"first","13":"outofstock","14":"taxable","15":"shipping-taxable","16":"purchasable","17":"product-type-simple"},"_links":{"self":[{"href":"https:\/\/www.miravila.com\/it\/wp-json\/wp\/v2\/product\/27542","targetHints":{"allow":["GET"]}}],"collection":[{"href":"https:\/\/www.miravila.com\/it\/wp-json\/wp\/v2\/product"}],"about":[{"href":"https:\/\/www.miravila.com\/it\/wp-json\/wp\/v2\/types\/product"}],"replies":[{"embeddable":true,"href":"https:\/\/www.miravila.com\/it\/wp-json\/wp\/v2\/comments?post=27542"}],"wp:featuredmedia":[{"embeddable":true,"href":"https:\/\/www.miravila.com\/it\/wp-json\/wp\/v2\/media\/24776"}],"wp:attachment":[{"href":"https:\/\/www.miravila.com\/it\/wp-json\/wp\/v2\/media?parent=27542"}],"wp:term":[{"taxonomy":"product_brand","embeddable":true,"href":"https:\/\/www.miravila.com\/it\/wp-json\/wp\/v2\/product_brand?post=27542"},{"taxonomy":"product_cat","embeddable":true,"href":"https:\/\/www.miravila.com\/it\/wp-json\/wp\/v2\/product_cat?post=27542"},{"taxonomy":"product_tag","embeddable":true,"href":"https:\/\/www.miravila.com\/it\/wp-json\/wp\/v2\/product_tag?post=27542"}],"curies":[{"name":"wp","href":"https:\/\/api.w.org\/{rel}","templated":true}]}}