{"id":27539,"date":"2023-10-28T10:36:28","date_gmt":"2023-10-28T08:36:28","guid":{"rendered":"https:\/\/www.miravila.com\/product\/palla-in-vetro-argento-stelle-dorate-d-12-cm\/"},"modified":"2023-10-28T10:36:34","modified_gmt":"2023-10-28T08:36:34","slug":"palla-in-vetro-argento-stelle-dorate-d-12-cm","status":"publish","type":"product","link":"https:\/\/www.miravila.com\/it\/prodotto\/palla-in-vetro-argento-stelle-dorate-d-12-cm\/","title":{"rendered":"Palla in vetro argento +stelle dorate d-12 cm"},"content":{"rendered":"","protected":false},"excerpt":{"rendered":"<p>Questa bellissima palla di vetro con stelle d&#8217;argento e oro \u00e8 l&#8217;accessorio di Natale perfetto per il tuo albero. Con un diametro di 12 cm, attirer\u00e0 sicuramente l&#8217;attenzione e aggiunger\u00e0 una lucentezza festiva a casa tua.<\/p>\n","protected":false},"featured_media":24812,"comment_status":"closed","ping_status":"open","template":"","meta":[],"product_brand":[],"product_cat":[3679,2073],"product_tag":[],"class_list":{"0":"post-27539","1":"product","2":"type-product","3":"status-publish","4":"has-post-thumbnail","6":"product_cat-decorazioni-di-capodanno","7":"product_cat-natale","8":"pa_barva-argento","9":"pa_barva-oro","10":"pa_material-bicchiere","11":"pa_visina-12-it","13":"first","14":"instock","15":"taxable","16":"shipping-taxable","17":"purchasable","18":"product-type-simple"},"_links":{"self":[{"href":"https:\/\/www.miravila.com\/it\/wp-json\/wp\/v2\/product\/27539","targetHints":{"allow":["GET"]}}],"collection":[{"href":"https:\/\/www.miravila.com\/it\/wp-json\/wp\/v2\/product"}],"about":[{"href":"https:\/\/www.miravila.com\/it\/wp-json\/wp\/v2\/types\/product"}],"replies":[{"embeddable":true,"href":"https:\/\/www.miravila.com\/it\/wp-json\/wp\/v2\/comments?post=27539"}],"wp:featuredmedia":[{"embeddable":true,"href":"https:\/\/www.miravila.com\/it\/wp-json\/wp\/v2\/media\/24812"}],"wp:attachment":[{"href":"https:\/\/www.miravila.com\/it\/wp-json\/wp\/v2\/media?parent=27539"}],"wp:term":[{"taxonomy":"product_brand","embeddable":true,"href":"https:\/\/www.miravila.com\/it\/wp-json\/wp\/v2\/product_brand?post=27539"},{"taxonomy":"product_cat","embeddable":true,"href":"https:\/\/www.miravila.com\/it\/wp-json\/wp\/v2\/product_cat?post=27539"},{"taxonomy":"product_tag","embeddable":true,"href":"https:\/\/www.miravila.com\/it\/wp-json\/wp\/v2\/product_tag?post=27539"}],"curies":[{"name":"wp","href":"https:\/\/api.w.org\/{rel}","templated":true}]}}