{"id":27507,"date":"2023-10-28T10:36:19","date_gmt":"2023-10-28T08:36:19","guid":{"rendered":"https:\/\/www.miravila.com\/product\/ball-trottola-velvet-burgundy10-cm\/"},"modified":"2023-10-28T10:36:21","modified_gmt":"2023-10-28T08:36:21","slug":"ball-trottola-velvet-burgundy10-cm","status":"publish","type":"product","link":"https:\/\/www.miravila.com\/it\/prodotto\/ball-trottola-velvet-burgundy10-cm\/","title":{"rendered":"Ball Trottola Velvet Burgundy10 cm"},"content":{"rendered":"","protected":false},"excerpt":{"rendered":"<p>La Trottola Velvet Borde Ball \u00e8 una meravigliosa decorazione natalizia che aggiunger\u00e0 una vacanza a casa tua. Con il suo ricco colore bordeaux e il materiale morbido vellutato, attirer\u00e0 sicuramente una vista. Con un diametro di 10 cm, \u00e8 perfetto per decorare un albero di Natale o pu\u00f2 essere posizionato su un tavolo come un elegante accessorio decorativo. L&#8217;atmosfera festosa sar\u00e0 ancora pi\u00f9 magica con questa bellissima palla della Borgogna di Trottola Velvet.<\/p>\n","protected":false},"featured_media":24462,"comment_status":"closed","ping_status":"open","template":"","meta":[],"product_brand":[],"product_cat":[3679,2073],"product_tag":[],"class_list":{"0":"post-27507","1":"product","2":"type-product","3":"status-publish","4":"has-post-thumbnail","6":"product_cat-decorazioni-di-capodanno","7":"product_cat-natale","8":"pa_barva-bordeaux-it","9":"pa_material-bicchiere","10":"pa_visina-10-it","12":"first","13":"outofstock","14":"taxable","15":"shipping-taxable","16":"purchasable","17":"product-type-simple"},"_links":{"self":[{"href":"https:\/\/www.miravila.com\/it\/wp-json\/wp\/v2\/product\/27507","targetHints":{"allow":["GET"]}}],"collection":[{"href":"https:\/\/www.miravila.com\/it\/wp-json\/wp\/v2\/product"}],"about":[{"href":"https:\/\/www.miravila.com\/it\/wp-json\/wp\/v2\/types\/product"}],"replies":[{"embeddable":true,"href":"https:\/\/www.miravila.com\/it\/wp-json\/wp\/v2\/comments?post=27507"}],"wp:featuredmedia":[{"embeddable":true,"href":"https:\/\/www.miravila.com\/it\/wp-json\/wp\/v2\/media\/24462"}],"wp:attachment":[{"href":"https:\/\/www.miravila.com\/it\/wp-json\/wp\/v2\/media?parent=27507"}],"wp:term":[{"taxonomy":"product_brand","embeddable":true,"href":"https:\/\/www.miravila.com\/it\/wp-json\/wp\/v2\/product_brand?post=27507"},{"taxonomy":"product_cat","embeddable":true,"href":"https:\/\/www.miravila.com\/it\/wp-json\/wp\/v2\/product_cat?post=27507"},{"taxonomy":"product_tag","embeddable":true,"href":"https:\/\/www.miravila.com\/it\/wp-json\/wp\/v2\/product_tag?post=27507"}],"curies":[{"name":"wp","href":"https:\/\/api.w.org\/{rel}","templated":true}]}}