{"id":27499,"date":"2023-10-28T10:36:09","date_gmt":"2023-10-28T08:36:09","guid":{"rendered":"https:\/\/www.miravila.com\/product\/ciondolo-di-h-24-cm-ghiacciato\/"},"modified":"2023-10-28T10:36:15","modified_gmt":"2023-10-28T08:36:15","slug":"ciondolo-di-h-24-cm-ghiacciato","status":"publish","type":"product","link":"https:\/\/www.miravila.com\/it\/prodotto\/ciondolo-di-h-24-cm-ghiacciato\/","title":{"rendered":"Ciondolo di h-24 cm ghiacciato"},"content":{"rendered":"","protected":false},"excerpt":{"rendered":"<p>Il ciondolo a fetta H-24 cm \u00e8 una meravigliosa decorazione natalizia che trasformer\u00e0 immediatamente la tua abete o lo spazio in una terra invernale da favola. Con il suo colore blu ghiaccio e le luci a LED, attirer\u00e0 sicuramente viste e creer\u00e0 un&#8217;atmosfera magica. Con le sue dimensioni di 24 cm, \u00e8 la scelta perfetta per ogni disposizione ornamentale di Natale.<\/p>\n","protected":false},"featured_media":25686,"comment_status":"closed","ping_status":"open","template":"","meta":[],"product_brand":[],"product_cat":[3679,2073],"product_tag":[],"class_list":{"0":"post-27499","1":"product","2":"type-product","3":"status-publish","4":"has-post-thumbnail","6":"product_cat-decorazioni-di-capodanno","7":"product_cat-natale","8":"pa_visina-24-it","10":"first","11":"outofstock","12":"taxable","13":"shipping-taxable","14":"purchasable","15":"product-type-simple"},"_links":{"self":[{"href":"https:\/\/www.miravila.com\/it\/wp-json\/wp\/v2\/product\/27499","targetHints":{"allow":["GET"]}}],"collection":[{"href":"https:\/\/www.miravila.com\/it\/wp-json\/wp\/v2\/product"}],"about":[{"href":"https:\/\/www.miravila.com\/it\/wp-json\/wp\/v2\/types\/product"}],"replies":[{"embeddable":true,"href":"https:\/\/www.miravila.com\/it\/wp-json\/wp\/v2\/comments?post=27499"}],"wp:featuredmedia":[{"embeddable":true,"href":"https:\/\/www.miravila.com\/it\/wp-json\/wp\/v2\/media\/25686"}],"wp:attachment":[{"href":"https:\/\/www.miravila.com\/it\/wp-json\/wp\/v2\/media?parent=27499"}],"wp:term":[{"taxonomy":"product_brand","embeddable":true,"href":"https:\/\/www.miravila.com\/it\/wp-json\/wp\/v2\/product_brand?post=27499"},{"taxonomy":"product_cat","embeddable":true,"href":"https:\/\/www.miravila.com\/it\/wp-json\/wp\/v2\/product_cat?post=27499"},{"taxonomy":"product_tag","embeddable":true,"href":"https:\/\/www.miravila.com\/it\/wp-json\/wp\/v2\/product_tag?post=27499"}],"curies":[{"name":"wp","href":"https:\/\/api.w.org\/{rel}","templated":true}]}}