{"id":27493,"date":"2023-10-28T10:36:09","date_gmt":"2023-10-28T08:36:09","guid":{"rendered":"https:\/\/www.miravila.com\/product\/vase-skerje-perche-nonno-h-19x23x10-cm-rosso\/"},"modified":"2023-10-28T10:36:13","modified_gmt":"2023-10-28T08:36:13","slug":"vase-skerje-perche-nonno-h-19x23x10-cm-rosso","status":"publish","type":"product","link":"https:\/\/www.miravila.com\/it\/prodotto\/vase-skerje-perche-nonno-h-19x23x10-cm-rosso\/","title":{"rendered":"Vase-Skerje perch\u00e9. Nonno H-19x23x10 cm rosso"},"content":{"rendered":"<p>Il vaso di Capodanno sotto forma di uno stivale natalizio.<\/p>\n<hr>\n<p> <\/p>\n<h5> Materiale: <\/h5>\n<p> ceramica<br \/>\n <\/p>\n<h5> dimensione: <\/h5>\n<p> 23cm<\/p>\n","protected":false},"excerpt":{"rendered":"<p>Questo bellissimo vaso a forma di stivale \u00e8 la perfetta decorazione natalizia. \u00c8 realizzato in ceramica e ha un motivo per Babbo Natale. 19x23x10 cm di dimensioni ed \u00e8 di colore rosso. L&#8217;accessorio perfetto per l&#8217;atmosfera delle vacanze!<\/p>\n","protected":false},"featured_media":25398,"comment_status":"closed","ping_status":"open","template":"","meta":[],"product_brand":[],"product_cat":[3679,2073],"product_tag":[],"class_list":{"0":"post-27493","1":"product","2":"type-product","3":"status-publish","4":"has-post-thumbnail","6":"product_cat-decorazioni-di-capodanno","7":"product_cat-natale","8":"pa_barva-rosso","9":"pa_material-ceramica","10":"pa_visina-23-it","12":"first","13":"instock","14":"taxable","15":"shipping-taxable","16":"purchasable","17":"product-type-simple"},"_links":{"self":[{"href":"https:\/\/www.miravila.com\/it\/wp-json\/wp\/v2\/product\/27493","targetHints":{"allow":["GET"]}}],"collection":[{"href":"https:\/\/www.miravila.com\/it\/wp-json\/wp\/v2\/product"}],"about":[{"href":"https:\/\/www.miravila.com\/it\/wp-json\/wp\/v2\/types\/product"}],"replies":[{"embeddable":true,"href":"https:\/\/www.miravila.com\/it\/wp-json\/wp\/v2\/comments?post=27493"}],"wp:featuredmedia":[{"embeddable":true,"href":"https:\/\/www.miravila.com\/it\/wp-json\/wp\/v2\/media\/25398"}],"wp:attachment":[{"href":"https:\/\/www.miravila.com\/it\/wp-json\/wp\/v2\/media?parent=27493"}],"wp:term":[{"taxonomy":"product_brand","embeddable":true,"href":"https:\/\/www.miravila.com\/it\/wp-json\/wp\/v2\/product_brand?post=27493"},{"taxonomy":"product_cat","embeddable":true,"href":"https:\/\/www.miravila.com\/it\/wp-json\/wp\/v2\/product_cat?post=27493"},{"taxonomy":"product_tag","embeddable":true,"href":"https:\/\/www.miravila.com\/it\/wp-json\/wp\/v2\/product_tag?post=27493"}],"curies":[{"name":"wp","href":"https:\/\/api.w.org\/{rel}","templated":true}]}}