{"id":27463,"date":"2023-10-28T10:35:58","date_gmt":"2023-10-28T08:35:58","guid":{"rendered":"https:\/\/www.miravila.com\/product\/ball-of-glass-ice-line-d-12-cm-x-1\/"},"modified":"2023-10-28T10:35:58","modified_gmt":"2023-10-28T08:35:58","slug":"ball-of-glass-ice-line-d-12-cm-x-1","status":"publish","type":"product","link":"https:\/\/www.miravila.com\/it\/prodotto\/ball-of-glass-ice-line-d-12-cm-x-1\/","title":{"rendered":"Ball of Glass Ice Line D-12 cm x 1"},"content":{"rendered":"","protected":false},"excerpt":{"rendered":"<p>Questo bellissimo vaso natalizio sotto forma di uno stivale \u00e8 la scelta perfetta per la decorazione natalizia. \u00c8 realizzato in ceramica e ha un campione di un nonno freddo. Con le sue dimensioni 19x23x10 cm, attirer\u00e0 sicuramente l&#8217;attenzione e aggiunger\u00e0 un&#8217;atmosfera festosa a casa tua. Il colore rosso migliorer\u00e0 ulteriormente la decorazione natalizia.<\/p>\n","protected":false},"featured_media":24782,"comment_status":"closed","ping_status":"open","template":"","meta":[],"product_brand":[],"product_cat":[3679,2073],"product_tag":[],"class_list":{"0":"post-27463","1":"product","2":"type-product","3":"status-publish","4":"has-post-thumbnail","6":"product_cat-decorazioni-di-capodanno","7":"product_cat-natale","8":"pa_barva-bianco","9":"pa_material-bicchiere","10":"pa_visina-12-it","12":"first","13":"outofstock","14":"taxable","15":"shipping-taxable","16":"purchasable","17":"product-type-simple"},"_links":{"self":[{"href":"https:\/\/www.miravila.com\/it\/wp-json\/wp\/v2\/product\/27463","targetHints":{"allow":["GET"]}}],"collection":[{"href":"https:\/\/www.miravila.com\/it\/wp-json\/wp\/v2\/product"}],"about":[{"href":"https:\/\/www.miravila.com\/it\/wp-json\/wp\/v2\/types\/product"}],"replies":[{"embeddable":true,"href":"https:\/\/www.miravila.com\/it\/wp-json\/wp\/v2\/comments?post=27463"}],"wp:featuredmedia":[{"embeddable":true,"href":"https:\/\/www.miravila.com\/it\/wp-json\/wp\/v2\/media\/24782"}],"wp:attachment":[{"href":"https:\/\/www.miravila.com\/it\/wp-json\/wp\/v2\/media?parent=27463"}],"wp:term":[{"taxonomy":"product_brand","embeddable":true,"href":"https:\/\/www.miravila.com\/it\/wp-json\/wp\/v2\/product_brand?post=27463"},{"taxonomy":"product_cat","embeddable":true,"href":"https:\/\/www.miravila.com\/it\/wp-json\/wp\/v2\/product_cat?post=27463"},{"taxonomy":"product_tag","embeddable":true,"href":"https:\/\/www.miravila.com\/it\/wp-json\/wp\/v2\/product_tag?post=27463"}],"curies":[{"name":"wp","href":"https:\/\/api.w.org\/{rel}","templated":true}]}}