{"id":27412,"date":"2023-10-28T10:35:33","date_gmt":"2023-10-28T08:35:33","guid":{"rendered":"https:\/\/www.miravila.com\/product\/ice-trasparente-in-vetro-a-sfera-d-12-cm-x-1\/"},"modified":"2023-10-28T10:35:37","modified_gmt":"2023-10-28T08:35:37","slug":"ice-trasparente-in-vetro-a-sfera-d-12-cm-x-1","status":"publish","type":"product","link":"https:\/\/www.miravila.com\/it\/prodotto\/ice-trasparente-in-vetro-a-sfera-d-12-cm-x-1\/","title":{"rendered":"ICE trasparente in vetro a sfera D-12 cm x 1"},"content":{"rendered":"","protected":false},"excerpt":{"rendered":"<p>Questa palla di ghiaccio trasparente di 12 cm di diametro \u00e8 la decorazione perfetta per l&#8217;albero di Natale. Con la sua lucentezza ed eleganza, attirer\u00e0 sicuramente le opinioni e creer\u00e0 un&#8217;atmosfera festosa nella tua casa.<\/p>\n","protected":false},"featured_media":24806,"comment_status":"closed","ping_status":"open","template":"","meta":[],"product_brand":[],"product_cat":[3679,2073],"product_tag":[],"class_list":{"0":"post-27412","1":"product","2":"type-product","3":"status-publish","4":"has-post-thumbnail","6":"product_cat-decorazioni-di-capodanno","7":"product_cat-natale","8":"pa_barva-trasparente","9":"pa_material-bicchiere","10":"pa_visina-12-it","12":"first","13":"outofstock","14":"taxable","15":"shipping-taxable","16":"purchasable","17":"product-type-simple"},"_links":{"self":[{"href":"https:\/\/www.miravila.com\/it\/wp-json\/wp\/v2\/product\/27412","targetHints":{"allow":["GET"]}}],"collection":[{"href":"https:\/\/www.miravila.com\/it\/wp-json\/wp\/v2\/product"}],"about":[{"href":"https:\/\/www.miravila.com\/it\/wp-json\/wp\/v2\/types\/product"}],"replies":[{"embeddable":true,"href":"https:\/\/www.miravila.com\/it\/wp-json\/wp\/v2\/comments?post=27412"}],"wp:featuredmedia":[{"embeddable":true,"href":"https:\/\/www.miravila.com\/it\/wp-json\/wp\/v2\/media\/24806"}],"wp:attachment":[{"href":"https:\/\/www.miravila.com\/it\/wp-json\/wp\/v2\/media?parent=27412"}],"wp:term":[{"taxonomy":"product_brand","embeddable":true,"href":"https:\/\/www.miravila.com\/it\/wp-json\/wp\/v2\/product_brand?post=27412"},{"taxonomy":"product_cat","embeddable":true,"href":"https:\/\/www.miravila.com\/it\/wp-json\/wp\/v2\/product_cat?post=27412"},{"taxonomy":"product_tag","embeddable":true,"href":"https:\/\/www.miravila.com\/it\/wp-json\/wp\/v2\/product_tag?post=27412"}],"curies":[{"name":"wp","href":"https:\/\/api.w.org\/{rel}","templated":true}]}}