{"id":27402,"date":"2023-10-28T10:35:33","date_gmt":"2023-10-28T08:35:33","guid":{"rendered":"https:\/\/www.miravila.com\/product\/vetro-a-sfera-iride-megrolo-d-12-cm-x-1\/"},"modified":"2023-10-28T10:35:33","modified_gmt":"2023-10-28T08:35:33","slug":"vetro-a-sfera-iride-megrolo-d-12-cm-x-1","status":"publish","type":"product","link":"https:\/\/www.miravila.com\/it\/prodotto\/vetro-a-sfera-iride-megrolo-d-12-cm-x-1\/","title":{"rendered":"Vetro a sfera Iride-Megrolo D-12 cm x 1"},"content":{"rendered":"","protected":false},"excerpt":{"rendered":"<p>La palla di vetro Iride-Mur\u010dek \u00e8 una meravigliosa decorazione natalizia che sicuramente attirer\u00e0 viste. Con un diametro di 12 cm, \u00e8 perfetto per appesa su un albero di Natale o per decorare una sala per la casa. La sua specialit\u00e0 sono le bolle magiche che brillano in diversi colori e creano un&#8217;atmosfera da favola. Inevitabilmente susciter\u00e0 la magia del periodo natalizio e impressioner\u00e0 sia i bambini che gli adulti.<\/p>\n","protected":false},"featured_media":24848,"comment_status":"closed","ping_status":"open","template":"","meta":[],"product_brand":[],"product_cat":[3679,2073],"product_tag":[],"class_list":{"0":"post-27402","1":"product","2":"type-product","3":"status-publish","4":"has-post-thumbnail","6":"product_cat-decorazioni-di-capodanno","7":"product_cat-natale","8":"pa_material-bicchiere","9":"pa_visina-12-it","11":"first","12":"instock","13":"taxable","14":"shipping-taxable","15":"purchasable","16":"product-type-simple"},"_links":{"self":[{"href":"https:\/\/www.miravila.com\/it\/wp-json\/wp\/v2\/product\/27402","targetHints":{"allow":["GET"]}}],"collection":[{"href":"https:\/\/www.miravila.com\/it\/wp-json\/wp\/v2\/product"}],"about":[{"href":"https:\/\/www.miravila.com\/it\/wp-json\/wp\/v2\/types\/product"}],"replies":[{"embeddable":true,"href":"https:\/\/www.miravila.com\/it\/wp-json\/wp\/v2\/comments?post=27402"}],"wp:featuredmedia":[{"embeddable":true,"href":"https:\/\/www.miravila.com\/it\/wp-json\/wp\/v2\/media\/24848"}],"wp:attachment":[{"href":"https:\/\/www.miravila.com\/it\/wp-json\/wp\/v2\/media?parent=27402"}],"wp:term":[{"taxonomy":"product_brand","embeddable":true,"href":"https:\/\/www.miravila.com\/it\/wp-json\/wp\/v2\/product_brand?post=27402"},{"taxonomy":"product_cat","embeddable":true,"href":"https:\/\/www.miravila.com\/it\/wp-json\/wp\/v2\/product_cat?post=27402"},{"taxonomy":"product_tag","embeddable":true,"href":"https:\/\/www.miravila.com\/it\/wp-json\/wp\/v2\/product_tag?post=27402"}],"curies":[{"name":"wp","href":"https:\/\/api.w.org\/{rel}","templated":true}]}}