{"id":27401,"date":"2023-10-28T10:35:24","date_gmt":"2023-10-28T08:35:24","guid":{"rendered":"https:\/\/www.miravila.com\/product\/ball-glass-black-decor-d-10-cm-x-1\/"},"modified":"2023-10-28T10:35:30","modified_gmt":"2023-10-28T08:35:30","slug":"ball-glass-black-decor-d-10-cm-x-1","status":"publish","type":"product","link":"https:\/\/www.miravila.com\/it\/prodotto\/ball-glass-black-decor-d-10-cm-x-1\/","title":{"rendered":"Ball Glass Black D\u00e9cor D-10 cm x 1"},"content":{"rendered":"","protected":false},"excerpt":{"rendered":"<p>Questa palla di vetro nera per la decorazione sar\u00e0 l&#8217;accessorio perfetto per il tuo albero di Natale. Con un diametro di 10 cm, attirer\u00e0 sicuramente l&#8217;attenzione e aggiunger\u00e0 un tocco di eleganza alla tua decorazione per le vacanze.<\/p>\n","protected":false},"featured_media":24474,"comment_status":"closed","ping_status":"open","template":"","meta":[],"product_brand":[],"product_cat":[3679,2073],"product_tag":[],"class_list":{"0":"post-27401","1":"product","2":"type-product","3":"status-publish","4":"has-post-thumbnail","6":"product_cat-decorazioni-di-capodanno","7":"product_cat-natale","8":"pa_barva-nero","9":"pa_material-bicchiere","10":"pa_visina-10-it","12":"first","13":"instock","14":"taxable","15":"shipping-taxable","16":"purchasable","17":"product-type-simple"},"_links":{"self":[{"href":"https:\/\/www.miravila.com\/it\/wp-json\/wp\/v2\/product\/27401","targetHints":{"allow":["GET"]}}],"collection":[{"href":"https:\/\/www.miravila.com\/it\/wp-json\/wp\/v2\/product"}],"about":[{"href":"https:\/\/www.miravila.com\/it\/wp-json\/wp\/v2\/types\/product"}],"replies":[{"embeddable":true,"href":"https:\/\/www.miravila.com\/it\/wp-json\/wp\/v2\/comments?post=27401"}],"wp:featuredmedia":[{"embeddable":true,"href":"https:\/\/www.miravila.com\/it\/wp-json\/wp\/v2\/media\/24474"}],"wp:attachment":[{"href":"https:\/\/www.miravila.com\/it\/wp-json\/wp\/v2\/media?parent=27401"}],"wp:term":[{"taxonomy":"product_brand","embeddable":true,"href":"https:\/\/www.miravila.com\/it\/wp-json\/wp\/v2\/product_brand?post=27401"},{"taxonomy":"product_cat","embeddable":true,"href":"https:\/\/www.miravila.com\/it\/wp-json\/wp\/v2\/product_cat?post=27401"},{"taxonomy":"product_tag","embeddable":true,"href":"https:\/\/www.miravila.com\/it\/wp-json\/wp\/v2\/product_tag?post=27401"}],"curies":[{"name":"wp","href":"https:\/\/api.w.org\/{rel}","templated":true}]}}