{"id":27385,"date":"2023-10-28T10:35:24","date_gmt":"2023-10-28T08:35:24","guid":{"rendered":"https:\/\/www.miravila.com\/product\/pendant-gemma-damasco-h-13-cm-phy-stone\/"},"modified":"2023-10-28T10:35:25","modified_gmt":"2023-10-28T08:35:25","slug":"pendant-gemma-damasco-h-13-cm-phy-stone","status":"publish","type":"product","link":"https:\/\/www.miravila.com\/it\/prodotto\/pendant-gemma-damasco-h-13-cm-phy-stone\/","title":{"rendered":"Pendant Gemma Damasco H-13 cm Phy Stone"},"content":{"rendered":"","protected":false},"excerpt":{"rendered":"<p>Descrizione del prodotto: il ciondolo di Gemma Damasco \u00e8 una meravigliosa decorazione natalizia che abbellir\u00e0 il tuo albero di Natale. \u00c8 fatto di pietra rosa e ha un&#8217;altezza di 13 cm. Con la sua eleganza, attirer\u00e0 sicuramente sguardi e creer\u00e0 un&#8217;atmosfera festosa nella tua casa.<\/p>\n","protected":false},"featured_media":25560,"comment_status":"closed","ping_status":"open","template":"","meta":[],"product_brand":[],"product_cat":[3679,2073],"product_tag":[],"class_list":{"0":"post-27385","1":"product","2":"type-product","3":"status-publish","4":"has-post-thumbnail","6":"product_cat-decorazioni-di-capodanno","7":"product_cat-natale","8":"pa_barva-rosa","9":"pa_material-calcolo","10":"pa_visina-13-it","12":"first","13":"outofstock","14":"taxable","15":"shipping-taxable","16":"purchasable","17":"product-type-simple"},"_links":{"self":[{"href":"https:\/\/www.miravila.com\/it\/wp-json\/wp\/v2\/product\/27385","targetHints":{"allow":["GET"]}}],"collection":[{"href":"https:\/\/www.miravila.com\/it\/wp-json\/wp\/v2\/product"}],"about":[{"href":"https:\/\/www.miravila.com\/it\/wp-json\/wp\/v2\/types\/product"}],"replies":[{"embeddable":true,"href":"https:\/\/www.miravila.com\/it\/wp-json\/wp\/v2\/comments?post=27385"}],"wp:featuredmedia":[{"embeddable":true,"href":"https:\/\/www.miravila.com\/it\/wp-json\/wp\/v2\/media\/25560"}],"wp:attachment":[{"href":"https:\/\/www.miravila.com\/it\/wp-json\/wp\/v2\/media?parent=27385"}],"wp:term":[{"taxonomy":"product_brand","embeddable":true,"href":"https:\/\/www.miravila.com\/it\/wp-json\/wp\/v2\/product_brand?post=27385"},{"taxonomy":"product_cat","embeddable":true,"href":"https:\/\/www.miravila.com\/it\/wp-json\/wp\/v2\/product_cat?post=27385"},{"taxonomy":"product_tag","embeddable":true,"href":"https:\/\/www.miravila.com\/it\/wp-json\/wp\/v2\/product_tag?post=27385"}],"curies":[{"name":"wp","href":"https:\/\/api.w.org\/{rel}","templated":true}]}}