{"id":27384,"date":"2023-10-28T10:35:24","date_gmt":"2023-10-28T08:35:24","guid":{"rendered":"https:\/\/www.miravila.com\/product\/geme-damasco-h-13-cm-ciondolo\/"},"modified":"2023-10-28T10:35:25","modified_gmt":"2023-10-28T08:35:25","slug":"geme-damasco-h-13-cm-ciondolo","status":"publish","type":"product","link":"https:\/\/www.miravila.com\/it\/prodotto\/geme-damasco-h-13-cm-ciondolo\/","title":{"rendered":"Geme Damasco H-13 CM Ciondolo"},"content":{"rendered":"","protected":false},"excerpt":{"rendered":"<p>Il ritrovo di Gemma Damasco \u00e8 una meravigliosa decorazione natalizia che illuminer\u00e0 la tua abete. \u00c8 realizzato in ambra di alta qualit\u00e0 e ha un&#8217;altezza di 13 cm. Con il suo design sofisticato, attirer\u00e0 sicuramente l&#8217;attenzione e creer\u00e0 un&#8217;atmosfera festosa nella tua casa.<\/p>\n","protected":false},"featured_media":25548,"comment_status":"closed","ping_status":"open","template":"","meta":[],"product_brand":[],"product_cat":[3679,2073],"product_tag":[],"class_list":{"0":"post-27384","1":"product","2":"type-product","3":"status-publish","4":"has-post-thumbnail","6":"product_cat-decorazioni-di-capodanno","7":"product_cat-natale","8":"pa_barva-ambra","9":"pa_visina-13-it","11":"first","12":"outofstock","13":"taxable","14":"shipping-taxable","15":"purchasable","16":"product-type-simple"},"_links":{"self":[{"href":"https:\/\/www.miravila.com\/it\/wp-json\/wp\/v2\/product\/27384","targetHints":{"allow":["GET"]}}],"collection":[{"href":"https:\/\/www.miravila.com\/it\/wp-json\/wp\/v2\/product"}],"about":[{"href":"https:\/\/www.miravila.com\/it\/wp-json\/wp\/v2\/types\/product"}],"replies":[{"embeddable":true,"href":"https:\/\/www.miravila.com\/it\/wp-json\/wp\/v2\/comments?post=27384"}],"wp:featuredmedia":[{"embeddable":true,"href":"https:\/\/www.miravila.com\/it\/wp-json\/wp\/v2\/media\/25548"}],"wp:attachment":[{"href":"https:\/\/www.miravila.com\/it\/wp-json\/wp\/v2\/media?parent=27384"}],"wp:term":[{"taxonomy":"product_brand","embeddable":true,"href":"https:\/\/www.miravila.com\/it\/wp-json\/wp\/v2\/product_brand?post=27384"},{"taxonomy":"product_cat","embeddable":true,"href":"https:\/\/www.miravila.com\/it\/wp-json\/wp\/v2\/product_cat?post=27384"},{"taxonomy":"product_tag","embeddable":true,"href":"https:\/\/www.miravila.com\/it\/wp-json\/wp\/v2\/product_tag?post=27384"}],"curies":[{"name":"wp","href":"https:\/\/api.w.org\/{rel}","templated":true}]}}