{"id":9848,"date":"2020-03-26T13:21:32","date_gmt":"2020-03-26T13:44:01","guid":{"rendered":"https:\/\/www.miravila.com\/product\/rectangular-black\/"},"modified":"2025-05-22T12:15:08","modified_gmt":"2025-05-22T10:15:08","slug":"rectangular-black","status":"publish","type":"product","link":"https:\/\/www.miravila.com\/hu\/rectangular-black\/","title":{"rendered":"Kasp\u00f3 RECTANGULAR fekete"},"content":{"rendered":"<div class=\"row\"  id=\"row-1870394633\">\n\n\t<div id=\"col-820698650\" class=\"col medium-8 small-12 large-8\"  >\n\t\t\t\t<div class=\"col-inner\"  >\n\t\t\t\n\t\t\t\n<div class=\"accordion\">\n\t<div id=\"accordion-2686478756\" class=\"accordion-item\">\n\t\t<a id=\"accordion-2686478756-label\" class=\"accordion-title plain active\" href=\"#accordion-item-a-term\u00c9k-le\u00cdr\u00c1sa\" aria-expanded=\"true\" aria-controls=\"accordion-2686478756-content\">\n\t\t\t<button class=\"toggle\" aria-label=\"Toggle\"><i class=\"icon-angle-down\" aria-hidden=\"true\"><\/i><\/button>\n\t\t\t<span>A TERM\u00c9K LE\u00cdR\u00c1SA<\/span>\n\t\t<\/a>\n\t\t<div id=\"accordion-2686478756-content\" class=\"accordion-inner\" style=\"display: block;\" aria-labelledby=\"accordion-2686478756-label\">\n\t\t\t\n<p>N\u00e9gyzetes fekete<\/p>\n<p>Ez\u00fattal egy divatos, sz\u00f6gletes fekete kasp\u00f3t szeretn\u00e9nk az \u00d6n figyelm\u00e9be aj\u00e1nlani, mely a legszebb \u00e9k\u00e9v\u00e9 v\u00e1lhat a lak\u00e1s\u00e1nak, irod\u00e1j\u00e1nak. A ma n\u00e9pszer\u0171 minimalista st\u00edlus jegy\u00e9ben megtervezett vir\u00e1gtart\u00f3 mentes minden cicom\u00e1s d\u00edsz\u00edt\u00e9st\u0151l, hiszen a kevesebb n\u00e9ha t\u00f6bb. Konkr\u00e9t \u00e9s l\u00e9nyegre t\u00f6r\u0151 hat\u00e1st ny\u00fajt merev, n\u00e9gyzetes form\u00e1ja v\u00e9gett. <\/p>\n<p>Mivel igen magas, kell\u0151 v\u00e9delmet ny\u00fajt a bel\u00e9 helyezett n\u00f6v\u00e9nyeknek an\u00e9lk\u00fcl, hogy megg\u00e1toln\u00e1 azok szabad n\u00f6veked\u00e9s\u00e9t. Fekete sz\u00edne remek\u00fcl illik b\u00e1rmilyen sz\u00ednvil\u00e1g\u00fa helyis\u00e9gbe, an\u00e9lk\u00fcl, hogy kirik\u00edtana. Polystone anyagb\u00f3l k\u00e9sz\u00fclt, mely egy term\u00e9szetes k\u0151, \u00fcvegsz\u00e1l \u00e9s gyanta \u00f6tv\u00f6zet; ennek ok\u00e1n rendk\u00edv\u00fcl strapab\u00edr\u00f3 \u00e9s er\u0151s, m\u00e9gis k\u00f6nny\u0171. \u00cdgy ha \u00d6n \u00e1t akarja rendezni k\u00e9s\u0151bb az otthon\u00e1t, nincs semmilyen akad\u00e1lya.<\/p>\n\t\t<\/div>\n\t<\/div>\n\t\n\t<div id=\"accordion-3958594337\" class=\"accordion-item\">\n\t\t<a id=\"accordion-3958594337-label\" class=\"accordion-title plain\" href=\"#accordion-item-anyag\" aria-expanded=\"false\" aria-controls=\"accordion-3958594337-content\">\n\t\t\t<button class=\"toggle\" aria-label=\"Toggle\"><i class=\"icon-angle-down\" aria-hidden=\"true\"><\/i><\/button>\n\t\t\t<span>ANYAG<\/span>\n\t\t<\/a>\n\t\t<div id=\"accordion-3958594337-content\" class=\"accordion-inner\" aria-labelledby=\"accordion-3958594337-label\">\n\t\t\t\n<p>FIBERGLASS-POLYSTONE<\/p>\n<p>FIBERGLASS \/ \u00dcVEGSZ\u00c1L<\/p>\n<p>Az \u00fcvegsz\u00e1l az \u00fcvegsz\u00e1las m\u0171anyag r\u00f6vid\u00edt\u00e9se, s ezzel m\u00e1r nagyj\u00e1b\u00f3l ki is fejezte, mir\u0151l van sz\u00f3! Olyan t\u00e1rgyak eset\u00e9ben, ahol fontos a lehet\u0151 legnagyobb szil\u00e1rds\u00e1g s egyben a legkisebb t\u00f6meg, az \u00fcvegsz\u00e1l anyag a t\u00f6k\u00e9letes v\u00e1laszt\u00e1s. A bel\u0151le k\u00e9sz\u00fclt term\u00e9keke stabilok \u00e9s k\u00f6nny\u0171ek, \u00edgy ha \u00fagy t\u00e1mad kedve, mindennem\u0171 er\u0151fesz\u00edt\u00e9s n\u00e9lk\u00fcl a lak\u00e1s egyik pontj\u00e1b\u00f3l a m\u00e1sikba viheti. S ezzel m\u00e9g nincs v\u00e9ge! Ak\u00e1r az udvarra is teljes nyugalommal kiviheti, hiszen az \u00fcvegsz\u00e1l t\u00e1rgyak remek\u00fcl ellen\u00e1llnak a term\u00e9szeti viszontags\u00e1goknak. K\u00fcllem\u00e9t tekintve sz\u00e1mtalan d\u00edsz\u00edt\u00e9si m\u00f3dja l\u00e9tezik, \u00edgy felsorolni sem lehetne, h\u00e1nyf\u00e9le sz\u00ednben, st\u00edlusban \u00e9s form\u00e1ban \u00e9rhet\u0151ek el \u00fcvegsz\u00e1l anyagb\u00f3l k\u00e9sz\u00fclt term\u00e9kek. <\/p>\n\t\t<\/div>\n\t<\/div>\n\t\n\t<div id=\"accordion-3637356342\" class=\"accordion-item\">\n\t\t<a id=\"accordion-3637356342-label\" class=\"accordion-title plain\" href=\"#accordion-item-gy.i.k.\" aria-expanded=\"false\" aria-controls=\"accordion-3637356342-content\">\n\t\t\t<button class=\"toggle\" aria-label=\"Toggle\"><i class=\"icon-angle-down\" aria-hidden=\"true\"><\/i><\/button>\n\t\t\t<span>GY.I.K.<\/span>\n\t\t<\/a>\n\t\t<div id=\"accordion-3637356342-content\" class=\"accordion-inner\" aria-labelledby=\"accordion-3637356342-label\">\n\t\t\t\n<ol>\r\n \t<li>Megtekinthetem a kasp\u00f3kat egy magyarorsz\u00e1gi \u00fczletben, vagy ki\u00e1ll\u00edt\u00f3teremben?\r\n<span style=\"color: #555555;\">Nem, a Miravila kiz\u00e1r\u00f3lag online \u00e1rul.<\/span><\/li>\r\n<\/ol>\r\n<ol start=\"2\">\r\n \t<li>Mennyi id\u0151, m\u00cdg post\u00e1zz\u00e1k a rendel\u00e9sem?\r\n<span style=\"color: #555555;\">Amennyiben a term\u00e9k k\u00e9szletr\u0151l el\u00e9rhet\u0151, a v\u00e9tel\u00e1r be\u00e9rkez\u00e9s\u00e9t k\u00f6vet\u0151 3-5 napon bel\u00fcl post\u00e1zzuk a rendel\u00e9st.<\/span><\/li>\r\n<\/ol>\r\n<ol start=\"3\">\r\n \t<li>Ki fizeti a sz\u00e1ll\u00edt\u00e1si k\u00f6lts\u00e9get?\r\n<span style=\"color: #555555;\">A sz\u00e1ll\u00edt\u00e1s minden rendel\u00e9s eset\u00e9ben ingyenes.<\/span><\/li>\r\n<\/ol>\r\n<ol start=\"4\">\r\n \t<li>Van lehet\u0151s\u00e9g visszak\u00fcldeni a term\u00e9ket?\r\n<span style=\"color: #555555;\">Igen, a rendel\u00e9si felt\u00e9teleknek megfelel\u0151en a rendel\u00e9st k\u00f6vet\u0151 30 napon bel\u00fcl vissza lehet k\u00fcldeni a term\u00e9ket. A visszasz\u00e1ll\u00edt\u00e1s k\u00f6lts\u00e9ge a vev\u0151t terheli.<\/span><\/li>\r\n<\/ol>\r\n<ol start=\"5\">\r\n \t<li>Biztons\u00e1gos az online v\u00e1s\u00e1rl\u00e1s?\r\n<span style=\"color: #555555;\">Igen, teljesen biztons\u00e1gos.<\/span><\/li>\r\n<\/ol>\r\n<ol start=\"6\">\r\n \t<li>Ha visszak\u00fcld\u00f6m a term\u00e9ket, milyen m\u00f3don kapom vissza a v\u00e9tel\u00e1rat?\r\n<span style=\"color: #555555;\">A fizet\u00e9skor haszn\u00e1lt k\u00e1rty\u00e1ra fogjuk visszak\u00fcldeni a v\u00e9tel\u00e1rat a csomag c\u00edm\u00fcnkre t\u00f6rt\u00e9n\u0151 be\u00e9rkez\u00e9s\u00e9t k\u00f6vet\u0151 15 napon bel\u00fcl.<\/span><\/li>\r\n<\/ol>\r\n<ol start=\"7\">\r\n \t<li>Van a kasp\u00f3kban automatikus \u00f6nt\u00f6z\u0151 rendszer?\r\n<span style=\"color: #555555;\">Nem, a Miravila kasp\u00f3k nem tartalmaznak automatikus \u00f6nt\u00f6z\u0151 rendszert.<\/span><\/li>\r\n<\/ol>\r\n<ol start=\"8\">\r\n \t<li>Milyen anyagb\u00f3l k\u00e9sz\u00fclnek a kasp\u00f3k?\r\n<span style=\"color: #555555;\">A Miravila kasp\u00f3k \u00e1ltal\u00e1ban \u00fcvegsz\u00e1lb\u00f3l, ker\u00e1mi\u00e1b\u00f3l vagy term\u00e9szetes anyagokb\u00f3l k\u00e9sz\u00fclnek.<\/span><\/li>\r\n<\/ol>\r\n<ol start=\"9\">\r\n \t<li>Milyen kasp\u00f3kat lehet k\u00fclt\u00e9ren haszn\u00e1lni?\r\n<span style=\"color: #555555;\">Az \u00fcvegsz\u00e1l \u00e9s ker\u00e1mia kasp\u00f3kat aj\u00e1nljuk k\u00fclt\u00e9ri haszn\u00e1latra.<\/span><\/li>\r\n<\/ol>\r\n<ol start=\"10\">\r\n \t<li>Milyen fizet\u00e9si m\u00f3dokat fogadnak el?\r\n<span style=\"color: #555555;\">Fizethet Visa, vagy Mastercard t\u00edpus\u00fa bankk\u00e1rty\u00e1val, illetve PayPal-el.<\/span><\/li>\r\n<\/ol>\n\t\t<\/div>\n\t<\/div>\n\t\n\t<div id=\"accordion-3279355329\" class=\"accordion-item\">\n\t\t<a id=\"accordion-3279355329-label\" class=\"accordion-title plain\" href=\"#accordion-item-kisz\u00c1ll\u00cdt\u00c1s\" aria-expanded=\"false\" aria-controls=\"accordion-3279355329-content\">\n\t\t\t<button class=\"toggle\" aria-label=\"Toggle\"><i class=\"icon-angle-down\" aria-hidden=\"true\"><\/i><\/button>\n\t\t\t<span>KISZ\u00c1LL\u00cdT\u00c1S<\/span>\n\t\t<\/a>\n\t\t<div id=\"accordion-3279355329-content\" class=\"accordion-inner\" aria-labelledby=\"accordion-3279355329-label\">\n\t\t\t\nKISZ\u00c1LL\u00cdT\u00c1S\r\n\r\nA kisz\u00e1ll\u00edt\u00e1s Magyarorsz\u00e1g eg\u00e9sz ter\u00fclet\u00e9n ingyenes.\r\n\r\nA sz\u00e1ll\u00edt\u00e1st a GLS, DPD vagy egy\u00e9b priv\u00e1t fut\u00e1rc\u00e9g v\u00e9gzi. A sz\u00e1ll\u00edt\u00f3 az \u00e9p\u00fclet bej\u00e1rat\u00e1ig vagy f\u00f6ldszintig viszi el a csomagot; a szolg\u00e1ltat\u00e1s nem tartalmaz kisz\u00e1ll\u00edt\u00e1st emeleti lak\u00e1sba.\r\n\r\nAmennyiben a rendelt term\u00e9k k\u00e9szletr\u0151l el\u00e9rhet\u0151, \u00e1ltal\u00e1ban rendel\u00e9st k\u00f6vet\u0151 2-3 napon bel\u00fcl post\u00e1zunk. \u00c1m ez nem 100%-ban garant\u00e1lt, \u00e9s fenntartjuk annak jog\u00e1t, hogy a post\u00e1z\u00e1s k\u00e9ssen.\r\n\r\nA csomag \u00e9rkez\u00e9s\u00e9t k\u00f6vet\u0151en javasoljuk, hogy ellen\u0151rizze a csomagol\u00e1s \u00e1llapot\u00e1t, \u00e9s gy\u0151z\u0151dj\u00f6n meg annak \u00e9ps\u00e9g\u00e9r\u0151l, miel\u0151tt al\u00e1\u00edrn\u00e1 az \u00e1tv\u00e9telr\u0151l sz\u00f3l\u00f3 dokumentumot! Amennyiben azt tapasztalja, hogy a csomagol\u00e1s bontott vagy s\u00e9r\u00fclt, err\u0151l vegyen fel jegyz\u0151k\u00f6nyvet k\u00f6zvetlen\u00fcl a fut\u00e1rral a sz\u00e1ll\u00edt\u00e1si dokument\u00e1ci\u00f3n.\n\t\t<\/div>\n\t<\/div>\n\t\n<\/div>\n\t\t<\/div>\n\t\t\t\t\t<\/div>\n\n\t\n\n\t<div id=\"col-1688311771\" class=\"col medium-4 small-12 large-4\"  >\n\t\t\t\t<div class=\"col-inner\"  >\n\t\t\t\n\t\t\t <div class=\"row ikone\"  id=\"row-2139392175\">\r\n\r\n\n\t<div id=\"col-1136727970\" class=\"col medium-6 small-6 large-6\"  >\n\t\t\t\t<div class=\"col-inner\"  >\n\t\t\t\n\t\t\t\r\n\r\n\n\t\t<div class=\"icon-box featured-box icon-box-left text-left is-small\"  >\n\t\t\t\t\t<div class=\"icon-box-img\" style=\"width: 60px\">\n\t\t\t\t<div class=\"icon\">\n\t\t\t\t\t<div class=\"icon-inner\" >\n\t\t\t\t\t\t<img loading=\"lazy\" decoding=\"async\" width=\"100\" height=\"100\" src=\"https:\/\/www.miravila.com\/wp-content\/uploads\/2020\/02\/lightweight-icon.png\" class=\"attachment-medium size-medium\" alt=\"lightweight-icon\" title=\"\">\t\t\t\t\t<\/div>\n\t\t\t\t<\/div>\n\t\t\t<\/div>\n\t\t\t\t<div class=\"icon-box-text last-reset\">\n\t\t\t\t\t\t<h6>LIGHTWEIGHT<\/h6>\t\t\t\r\n\r\n\r\n\t\t<\/div>\n\t<\/div>\n\t\n\t\r\n\n\t\t<div class=\"icon-box featured-box icon-box-left text-left is-small\"  >\n\t\t\t\t\t<div class=\"icon-box-img\" style=\"width: 60px\">\n\t\t\t\t<div class=\"icon\">\n\t\t\t\t\t<div class=\"icon-inner\" >\n\t\t\t\t\t\t<img loading=\"lazy\" decoding=\"async\" width=\"100\" height=\"100\" src=\"https:\/\/www.miravila.com\/wp-content\/uploads\/2020\/02\/easy-to-clean-icon.png\" class=\"attachment-medium size-medium\" alt=\"easy-to-clean-icon\" title=\"\">\t\t\t\t\t<\/div>\n\t\t\t\t<\/div>\n\t\t\t<\/div>\n\t\t\t\t<div class=\"icon-box-text last-reset\">\n\t\t\t\t\t\t<h6>EASY TO CLEAN<\/h6>\t\t\t\r\n\r\n\r\n\t\t<\/div>\n\t<\/div>\n\t\n\t\r\n\n\t\t<div class=\"icon-box featured-box icon-box-left text-left is-small\"  >\n\t\t\t\t\t<div class=\"icon-box-img\" style=\"width: 60px\">\n\t\t\t\t<div class=\"icon\">\n\t\t\t\t\t<div class=\"icon-inner\" >\n\t\t\t\t\t\t<img loading=\"lazy\" decoding=\"async\" width=\"100\" height=\"100\" src=\"https:\/\/www.miravila.com\/wp-content\/uploads\/2020\/02\/drill-hole-icon.png\" class=\"attachment-medium size-medium\" alt=\"drill-hole-icon\" title=\"\">\t\t\t\t\t<\/div>\n\t\t\t\t<\/div>\n\t\t\t<\/div>\n\t\t\t\t<div class=\"icon-box-text last-reset\">\n\t\t\t\t\t\t<h6>DRILL HOLE<\/h6>\t\t\t\r\n\r\n\r\n\t\t<\/div>\n\t<\/div>\n\t\n\t\r\n\n\t\t<div class=\"icon-box featured-box icon-box-left text-left is-small\"  >\n\t\t\t\t\t<div class=\"icon-box-img\" style=\"width: 60px\">\n\t\t\t\t<div class=\"icon\">\n\t\t\t\t\t<div class=\"icon-inner\" >\n\t\t\t\t\t\t<img loading=\"lazy\" decoding=\"async\" width=\"100\" height=\"100\" src=\"https:\/\/www.miravila.com\/wp-content\/uploads\/2020\/02\/in-out-icon.png\" class=\"attachment-medium size-medium\" alt=\"in-out-icon\" title=\"\">\t\t\t\t\t<\/div>\n\t\t\t\t<\/div>\n\t\t\t<\/div>\n\t\t\t\t<div class=\"icon-box-text last-reset\">\n\t\t\t\t\t\t<h6>INDOOR-OUTDOT<\/h6>\t\t\t\r\n\r\n\r\n\t\t<\/div>\n\t<\/div>\n\t\n\t\r\n\r\n\t\t<\/div>\n\t\t\t\t\t<\/div>\n\n\t\r\n\n\t<div id=\"col-1672336020\" class=\"col medium-6 small-6 large-6\"  >\n\t\t\t\t<div class=\"col-inner\"  >\n\t\t\t\n\t\t\t\r\n\r\n\n\t\t<div class=\"icon-box featured-box icon-box-left text-left is-small\"  >\n\t\t\t\t\t<div class=\"icon-box-img\" style=\"width: 60px\">\n\t\t\t\t<div class=\"icon\">\n\t\t\t\t\t<div class=\"icon-inner\" >\n\t\t\t\t\t\t<img loading=\"lazy\" decoding=\"async\" width=\"100\" height=\"100\" src=\"https:\/\/www.miravila.com\/wp-content\/uploads\/2020\/02\/frost-resistance-icon.png\" class=\"attachment-medium size-medium\" alt=\"frost-resistance-icon\" title=\"\">\t\t\t\t\t<\/div>\n\t\t\t\t<\/div>\n\t\t\t<\/div>\n\t\t\t\t<div class=\"icon-box-text last-reset\">\n\t\t\t\t\t\t<h6>FROST RESISTANCE<\/h6>\t\t\t\r\n\r\n\r\n\t\t<\/div>\n\t<\/div>\n\t\n\t\r\n\n\t\t<div class=\"icon-box featured-box icon-box-left text-left is-small\"  >\n\t\t\t\t\t<div class=\"icon-box-img\" style=\"width: 60px\">\n\t\t\t\t<div class=\"icon\">\n\t\t\t\t\t<div class=\"icon-inner\" >\n\t\t\t\t\t\t<img loading=\"lazy\" decoding=\"async\" width=\"100\" height=\"100\" src=\"https:\/\/www.miravila.com\/wp-content\/uploads\/2020\/02\/all-weather-icon.png\" class=\"attachment-medium size-medium\" alt=\"all-weather-icon\" title=\"\">\t\t\t\t\t<\/div>\n\t\t\t\t<\/div>\n\t\t\t<\/div>\n\t\t\t\t<div class=\"icon-box-text last-reset\">\n\t\t\t\t\t\t<h6>ALL WEATHER<\/h6>\t\t\t\r\n\r\n\r\n\t\t<\/div>\n\t<\/div>\n\t\n\t\r\n\n\t\t<div class=\"icon-box featured-box icon-box-left text-left is-small\"  >\n\t\t\t\t\t<div class=\"icon-box-img\" style=\"width: 60px\">\n\t\t\t\t<div class=\"icon\">\n\t\t\t\t\t<div class=\"icon-inner\" >\n\t\t\t\t\t\t<img loading=\"lazy\" decoding=\"async\" width=\"100\" height=\"100\" src=\"https:\/\/www.miravila.com\/wp-content\/uploads\/2020\/02\/hand-made-icon.png\" class=\"attachment-medium size-medium\" alt=\"hand-made-icon\" title=\"\">\t\t\t\t\t<\/div>\n\t\t\t\t<\/div>\n\t\t\t<\/div>\n\t\t\t\t<div class=\"icon-box-text last-reset\">\n\t\t\t\t\t\t<h6>HAND MADE<\/h6>\t\t\t\r\n\r\n\r\n\t\t<\/div>\n\t<\/div>\n\t\n\t\r\n\n\t\t<div class=\"icon-box featured-box icon-box-left text-left is-small\"  >\n\t\t\t\t\t<div class=\"icon-box-img\" style=\"width: 60px\">\n\t\t\t\t<div class=\"icon\">\n\t\t\t\t\t<div class=\"icon-inner\" >\n\t\t\t\t\t\t<img loading=\"lazy\" decoding=\"async\" width=\"100\" height=\"100\" src=\"https:\/\/www.miravila.com\/wp-content\/uploads\/2020\/02\/uv-resistant-icon.png\" class=\"attachment-medium size-medium\" alt=\"uv-resistant-icon\" title=\"\">\t\t\t\t\t<\/div>\n\t\t\t\t<\/div>\n\t\t\t<\/div>\n\t\t\t\t<div class=\"icon-box-text last-reset\">\n\t\t\t\t\t\t<h6>UV RESISTANT<\/h6>\t\t\t\r\n\r\n\r\n\t\t<\/div>\n\t<\/div>\n\t\n\t\r\n\r\n\t\t<\/div>\n\t\t\t\t\t<\/div>\n\n\t\r\n\r\n<\/div> \t\t<\/div>\n\t\t\t\t\t<\/div>\n\n\t\n<\/div>\n","protected":false},"excerpt":{"rendered":"","protected":false},"featured_media":8823,"comment_status":"closed","ping_status":"closed","template":"","meta":[],"product_brand":[],"product_cat":[1116,1122,1128,1129,1120,1126,1115,1160,1153,1117,1123,1159,1152,1150,1157,1119,1125,1151,1158,1155,1148,1149,1156,1127,1121],"product_tag":[],"class_list":{"0":"post-9848","1":"product","2":"type-product","3":"status-publish","4":"has-post-thumbnail","6":"product_cat-belteri","7":"product_cat-belteri-viraglada","8":"product_cat-fekete","9":"product_cat-fekete-viraglada","10":"product_cat-fiberglass-polystone-kaspo","11":"product_cat-fiberglass-polystone-viraglada","12":"product_cat-kaspo","13":"product_cat-kert-hu","14":"product_cat-kert","15":"product_cat-kulteri","16":"product_cat-kulteri-viraglada","17":"product_cat-magas-hu","18":"product_cat-magas","19":"product_cat-modern","20":"product_cat-modern-hu","21":"product_cat-muanyag","22":"product_cat-muanyag-viraglada","23":"product_cat-negyszogletes","24":"product_cat-negyszogletes-hu","25":"product_cat-noveny-hu","26":"product_cat-noveny","27":"product_cat-virag","28":"product_cat-virag-hu","29":"product_cat-viragcserep","30":"product_cat-viraglada","31":"pa_barva-fekete","32":"pa_material-fiberglass-polystone","33":"pa_sirina-30-hu","34":"pa_sirina-40-hu","35":"pa_uporaba-belteri","36":"pa_uporaba-kulteri","37":"pa_velikost-30x30x60cm-hu","38":"pa_velikost-40x40x80cm-hu","39":"pa_visina-60-hu","40":"pa_visina-80-hu","42":"first","43":"instock","44":"sale","45":"taxable","46":"shipping-taxable","47":"purchasable","48":"product-type-variable","49":"has-default-attributes"},"_links":{"self":[{"href":"https:\/\/www.miravila.com\/hu\/wp-json\/wp\/v2\/product\/9848","targetHints":{"allow":["GET"]}}],"collection":[{"href":"https:\/\/www.miravila.com\/hu\/wp-json\/wp\/v2\/product"}],"about":[{"href":"https:\/\/www.miravila.com\/hu\/wp-json\/wp\/v2\/types\/product"}],"replies":[{"embeddable":true,"href":"https:\/\/www.miravila.com\/hu\/wp-json\/wp\/v2\/comments?post=9848"}],"wp:featuredmedia":[{"embeddable":true,"href":"https:\/\/www.miravila.com\/hu\/wp-json\/wp\/v2\/media\/8823"}],"wp:attachment":[{"href":"https:\/\/www.miravila.com\/hu\/wp-json\/wp\/v2\/media?parent=9848"}],"wp:term":[{"taxonomy":"product_brand","embeddable":true,"href":"https:\/\/www.miravila.com\/hu\/wp-json\/wp\/v2\/product_brand?post=9848"},{"taxonomy":"product_cat","embeddable":true,"href":"https:\/\/www.miravila.com\/hu\/wp-json\/wp\/v2\/product_cat?post=9848"},{"taxonomy":"product_tag","embeddable":true,"href":"https:\/\/www.miravila.com\/hu\/wp-json\/wp\/v2\/product_tag?post=9848"}],"curies":[{"name":"wp","href":"https:\/\/api.w.org\/{rel}","templated":true}]}}