{"id":43337,"date":"2025-10-29T15:24:04","date_gmt":"2025-10-29T14:24:04","guid":{"rendered":"https:\/\/www.miravila.com\/?post_type=product&#038;p=43337"},"modified":"2025-10-29T16:00:52","modified_gmt":"2025-10-29T15:00:52","slug":"voros-barsony-miseje","status":"publish","type":"product","link":"https:\/\/www.miravila.com\/hu\/voros-barsony-masni\/","title":{"rendered":"V\u00d6R\u00d6S B\u00c1RSONY MASNI"},"content":{"rendered":"","protected":false},"excerpt":{"rendered":"<p>Eleg\u00e1ns v\u00f6r\u00f6s b\u00e1rsony masni, t\u00f6k\u00e9letes \u00fcnnepi lakberendez\u00e9si t\u00e1rgynak, kar\u00e1csonyf\u00e1nak vagy aj\u00e1nd\u00e9knak. Puha b\u00e1rsonyb\u00f3l k\u00e9sz\u00fclt, luxus megjelen\u00e9st \u00e9s melegs\u00e9get k\u00f6lcs\u00f6n\u00f6z az \u00fcnnepi hangulatnak. K\u00f6nnyen felszerelhet\u0151 \u00e9s \u00fajrafelhaszn\u00e1lhat\u00f3.<\/p>\n","protected":false},"featured_media":43290,"comment_status":"closed","ping_status":"closed","template":"","meta":[],"product_brand":[],"product_cat":[2034,5340],"product_tag":[],"class_list":{"0":"post-43337","1":"product","2":"type-product","3":"status-publish","4":"has-post-thumbnail","6":"product_cat-karacsony","7":"product_cat-masni","8":"pa_barva-piros","9":"pa_velikost-15x25cm-hu","10":"pa_velikost-25x35cm-hu","11":"pa_velikost-33x43cm-hu","13":"first","14":"instock","15":"taxable","16":"shipping-taxable","17":"purchasable","18":"product-type-variable","19":"has-default-attributes"},"_links":{"self":[{"href":"https:\/\/www.miravila.com\/hu\/wp-json\/wp\/v2\/product\/43337","targetHints":{"allow":["GET"]}}],"collection":[{"href":"https:\/\/www.miravila.com\/hu\/wp-json\/wp\/v2\/product"}],"about":[{"href":"https:\/\/www.miravila.com\/hu\/wp-json\/wp\/v2\/types\/product"}],"replies":[{"embeddable":true,"href":"https:\/\/www.miravila.com\/hu\/wp-json\/wp\/v2\/comments?post=43337"}],"wp:featuredmedia":[{"embeddable":true,"href":"https:\/\/www.miravila.com\/hu\/wp-json\/wp\/v2\/media\/43290"}],"wp:attachment":[{"href":"https:\/\/www.miravila.com\/hu\/wp-json\/wp\/v2\/media?parent=43337"}],"wp:term":[{"taxonomy":"product_brand","embeddable":true,"href":"https:\/\/www.miravila.com\/hu\/wp-json\/wp\/v2\/product_brand?post=43337"},{"taxonomy":"product_cat","embeddable":true,"href":"https:\/\/www.miravila.com\/hu\/wp-json\/wp\/v2\/product_cat?post=43337"},{"taxonomy":"product_tag","embeddable":true,"href":"https:\/\/www.miravila.com\/hu\/wp-json\/wp\/v2\/product_tag?post=43337"}],"curies":[{"name":"wp","href":"https:\/\/api.w.org\/{rel}","templated":true}]}}