{"id":42363,"date":"2025-09-11T10:35:16","date_gmt":"2025-09-11T08:35:16","guid":{"rendered":"https:\/\/www.miravila.com\/product\/sir-grana-padano-kerek-h-23-d-44-cm\/"},"modified":"2025-09-11T16:36:22","modified_gmt":"2025-09-11T14:36:22","slug":"sir-grana-padano-kerek-h-23-d-44-cm","status":"publish","type":"product","link":"https:\/\/www.miravila.com\/hu\/termek\/sir-grana-padano-kerek-h-23-d-44-cm\/","title":{"rendered":"SIR GRANA PADANO KEREK H-23, D-44 CM"},"content":{"rendered":"<p>Ez a Grana Padano m\u0171anyag sajt rendk\u00edv\u00fcl \u00e9leth\u0171 dekor\u00e1ci\u00f3, amely a val\u00f3di sajt ill\u00fazi\u00f3j\u00e1t kelti. Autentikus form\u00e1ja, s\u00e1rga sz\u00edne \u00e9s jellegzetes benyom\u00e1st kelt\u0151 feliratai t\u00f6k\u00e9letes m\u00e1solat\u00e1t adj\u00e1k a val\u00f3di olasz Grana Padano sajtnak. <\/p>\n<p>Kiv\u00e1l\u00f3 min\u0151s\u00e9g\u0171, tart\u00f3s anyagokb\u00f3l k\u00e9sz\u00fclt, amelyek ellen\u00e1llnak a k\u00e1rosod\u00e1snak, biztos\u00edtva a hossz\u00fa \u00e9lettartamot \u00e9s a k\u00f6nny\u0171 karbantart\u00e1st. Kiv\u00e1l\u00f3an alkalmas kereskedelmi kirakatokban, kulin\u00e1ris v\u00e1s\u00e1rokon, \u00e9ttermekben, f\u00e9nyk\u00e9pes bemutat\u00f3kon vagy mint egyedi dekor\u00e1ci\u00f3 otthon.<\/p>\n","protected":false},"excerpt":{"rendered":"<p>Mesters\u00e9ges Grana Padano ker\u00e9k \u2013 realistikus dekor\u00e1ci\u00f3 konyh\u00e1khoz, boltki\u00e1ll\u00edt\u00e1sokhoz, v\u00e1s\u00e1rokhoz \u00e9s kulin\u00e1ris bemutat\u00f3khoz.<\/p>\n","protected":false},"featured_media":42065,"comment_status":"closed","ping_status":"open","template":"","meta":[],"product_brand":[],"product_cat":[5308],"product_tag":[],"class_list":{"0":"post-42363","1":"product","2":"type-product","3":"status-publish","4":"has-post-thumbnail","6":"product_cat-mesterseges-elelmiszer","8":"first","9":"outofstock","10":"taxable","11":"shipping-taxable","12":"purchasable","13":"product-type-simple"},"_links":{"self":[{"href":"https:\/\/www.miravila.com\/hu\/wp-json\/wp\/v2\/product\/42363","targetHints":{"allow":["GET"]}}],"collection":[{"href":"https:\/\/www.miravila.com\/hu\/wp-json\/wp\/v2\/product"}],"about":[{"href":"https:\/\/www.miravila.com\/hu\/wp-json\/wp\/v2\/types\/product"}],"replies":[{"embeddable":true,"href":"https:\/\/www.miravila.com\/hu\/wp-json\/wp\/v2\/comments?post=42363"}],"wp:featuredmedia":[{"embeddable":true,"href":"https:\/\/www.miravila.com\/hu\/wp-json\/wp\/v2\/media\/42065"}],"wp:attachment":[{"href":"https:\/\/www.miravila.com\/hu\/wp-json\/wp\/v2\/media?parent=42363"}],"wp:term":[{"taxonomy":"product_brand","embeddable":true,"href":"https:\/\/www.miravila.com\/hu\/wp-json\/wp\/v2\/product_brand?post=42363"},{"taxonomy":"product_cat","embeddable":true,"href":"https:\/\/www.miravila.com\/hu\/wp-json\/wp\/v2\/product_cat?post=42363"},{"taxonomy":"product_tag","embeddable":true,"href":"https:\/\/www.miravila.com\/hu\/wp-json\/wp\/v2\/product_tag?post=42363"}],"curies":[{"name":"wp","href":"https:\/\/api.w.org\/{rel}","templated":true}]}}