{"id":42353,"date":"2025-09-11T10:35:16","date_gmt":"2025-09-11T08:35:16","guid":{"rendered":"https:\/\/www.miravila.com\/product\/jajce-celo-x-3-zavitek\/"},"modified":"2025-09-11T16:36:20","modified_gmt":"2025-09-11T14:36:20","slug":"jajce-celo-x-3-zavitek","status":"publish","type":"product","link":"https:\/\/www.miravila.com\/hu\/termek\/jajce-celo-x-3-zavitek\/","title":{"rendered":"JAJCE CELO X 3 ZAVITEK"},"content":{"rendered":"<p>Ez a k\u00e9szlet 3 m\u0171 toj\u00e1st tartalmaz, amelyek tart\u00f3s anyagb\u00f3l k\u00e9sz\u00fcltek, term\u00e9szetes form\u00e1j\u00faak \u00e9s sima fel\u00fclet\u0171ek. Kiv\u00e1l\u00f3 v\u00e1laszt\u00e1s asztald\u00edsz\u00edt\u00e9shez, kompoz\u00edci\u00f3khoz, \u00fczletek kirakat\u00e1hoz vagy fot\u00f3z\u00e1shoz haszn\u00e1lt h\u00e1tt\u00e9rhez.<\/p>\n<p>A m\u0171 toj\u00e1sok tart\u00f3sak, mindig meg\u0151rzik sz\u00e9p megjelen\u00e9s\u00fcket, \u00e9s praktikus alternat\u00edv\u00e1t jelentenek a val\u00f3di toj\u00e1sokkal szemben, amikor tart\u00f3s d\u00edsz\u00edt\u00e9st szeretne an\u00e9lk\u00fcl, hogy agg\u00f3dnia kellene a roml\u00e1s miatt.<\/p>\n","protected":false},"excerpt":{"rendered":"<p>M\u0171anyag toj\u00e1sok \u2013 3 darabos csomag, realisztikus dekor\u00e1ci\u00f3 a konyh\u00e1ba \u00e9s dekor\u00e1ci\u00f3khoz.<\/p>\n","protected":false},"featured_media":42015,"comment_status":"closed","ping_status":"open","template":"","meta":[],"product_brand":[],"product_cat":[5308],"product_tag":[],"class_list":{"0":"post-42353","1":"product","2":"type-product","3":"status-publish","4":"has-post-thumbnail","6":"product_cat-mesterseges-elelmiszer","8":"first","9":"outofstock","10":"taxable","11":"shipping-taxable","12":"purchasable","13":"product-type-simple"},"_links":{"self":[{"href":"https:\/\/www.miravila.com\/hu\/wp-json\/wp\/v2\/product\/42353","targetHints":{"allow":["GET"]}}],"collection":[{"href":"https:\/\/www.miravila.com\/hu\/wp-json\/wp\/v2\/product"}],"about":[{"href":"https:\/\/www.miravila.com\/hu\/wp-json\/wp\/v2\/types\/product"}],"replies":[{"embeddable":true,"href":"https:\/\/www.miravila.com\/hu\/wp-json\/wp\/v2\/comments?post=42353"}],"wp:featuredmedia":[{"embeddable":true,"href":"https:\/\/www.miravila.com\/hu\/wp-json\/wp\/v2\/media\/42015"}],"wp:attachment":[{"href":"https:\/\/www.miravila.com\/hu\/wp-json\/wp\/v2\/media?parent=42353"}],"wp:term":[{"taxonomy":"product_brand","embeddable":true,"href":"https:\/\/www.miravila.com\/hu\/wp-json\/wp\/v2\/product_brand?post=42353"},{"taxonomy":"product_cat","embeddable":true,"href":"https:\/\/www.miravila.com\/hu\/wp-json\/wp\/v2\/product_cat?post=42353"},{"taxonomy":"product_tag","embeddable":true,"href":"https:\/\/www.miravila.com\/hu\/wp-json\/wp\/v2\/product_tag?post=42353"}],"curies":[{"name":"wp","href":"https:\/\/api.w.org\/{rel}","templated":true}]}}