{"id":42352,"date":"2025-09-11T10:35:16","date_gmt":"2025-09-11T08:35:16","guid":{"rendered":"https:\/\/www.miravila.com\/product\/francia-kifli-pvc\/"},"modified":"2025-09-11T16:36:19","modified_gmt":"2025-09-11T14:36:19","slug":"francia-kifli-pvc","status":"publish","type":"product","link":"https:\/\/www.miravila.com\/hu\/termek\/francia-kifli-pvc\/","title":{"rendered":"FRANCIA KIFLI PVC"},"content":{"rendered":"<p>Ez a m\u0171anyag bagett frissen s\u00fct\u00f6tt francia keny\u00e9rnek t\u0171nik, \u00e9s t\u00f6k\u00e9letes dekor\u00e1ci\u00f3 p\u00e9ks\u00e9gben, \u00e9tteremben, boltban vagy otthoni konyh\u00e1ban. Realisztikus megjelen\u00e9s\u00e9vel meleget \u00e9s otthonoss\u00e1got visz minden k\u00f6rnyezetbe. <\/p>\n<p>A m\u0171anyag keny\u00e9r el\u0151nye, hogy soha nem romlik meg, mindig meg\u0151rzi sz\u00e9p k\u00fclsej\u00e9t, \u00e9s \u00fajra \u00e9s \u00fajra felhaszn\u00e1lhat\u00f3 dekor\u00e1ci\u00f3khoz, vitrinekhez vagy fot\u00f3z\u00e1s h\u00e1tt\u00e9rk\u00e9nt.<\/p>\n","protected":false},"excerpt":{"rendered":"<p>M\u0171anyag bagett \u2013 re\u00e1lis d\u00edsz\u00edt\u0151 keny\u00e9r asztalok \u00e9s kirakatok dekor\u00e1l\u00e1s\u00e1hoz.<\/p>\n","protected":false},"featured_media":42010,"comment_status":"closed","ping_status":"open","template":"","meta":[],"product_brand":[],"product_cat":[5308],"product_tag":[],"class_list":{"0":"post-42352","1":"product","2":"type-product","3":"status-publish","4":"has-post-thumbnail","6":"product_cat-mesterseges-elelmiszer","8":"first","9":"instock","10":"taxable","11":"shipping-taxable","12":"purchasable","13":"product-type-simple"},"_links":{"self":[{"href":"https:\/\/www.miravila.com\/hu\/wp-json\/wp\/v2\/product\/42352","targetHints":{"allow":["GET"]}}],"collection":[{"href":"https:\/\/www.miravila.com\/hu\/wp-json\/wp\/v2\/product"}],"about":[{"href":"https:\/\/www.miravila.com\/hu\/wp-json\/wp\/v2\/types\/product"}],"replies":[{"embeddable":true,"href":"https:\/\/www.miravila.com\/hu\/wp-json\/wp\/v2\/comments?post=42352"}],"wp:featuredmedia":[{"embeddable":true,"href":"https:\/\/www.miravila.com\/hu\/wp-json\/wp\/v2\/media\/42010"}],"wp:attachment":[{"href":"https:\/\/www.miravila.com\/hu\/wp-json\/wp\/v2\/media?parent=42352"}],"wp:term":[{"taxonomy":"product_brand","embeddable":true,"href":"https:\/\/www.miravila.com\/hu\/wp-json\/wp\/v2\/product_brand?post=42352"},{"taxonomy":"product_cat","embeddable":true,"href":"https:\/\/www.miravila.com\/hu\/wp-json\/wp\/v2\/product_cat?post=42352"},{"taxonomy":"product_tag","embeddable":true,"href":"https:\/\/www.miravila.com\/hu\/wp-json\/wp\/v2\/product_tag?post=42352"}],"curies":[{"name":"wp","href":"https:\/\/api.w.org\/{rel}","templated":true}]}}