{"id":42351,"date":"2025-09-11T10:35:16","date_gmt":"2025-09-11T08:35:16","guid":{"rendered":"https:\/\/www.miravila.com\/product\/petrofu-csokor-x-6\/"},"modified":"2025-09-11T16:36:19","modified_gmt":"2025-09-11T14:36:19","slug":"petrofu-csokor-x-6","status":"publish","type":"product","link":"https:\/\/www.miravila.com\/hu\/termek\/petrofu-csokor-x-6\/","title":{"rendered":"PETR\u00d3F\u0170 CSOKOR X 6"},"content":{"rendered":"<p>Ez a csod\u00e1latos m\u0171petrezselyem csokor \u00fagy n\u00e9z ki, mint a val\u00f3di friss petrezselyem, \u00e9s term\u00e9szetes z\u00f6ldess\u00e9get hoz az otthon\u00e1ba vagy az \u00e9tterm\u00e9be. A realisztikus kivitelez\u00e9s\u00e9nek k\u00f6sz\u00f6nhet\u0151en alkalmas konyh\u00e1kba, \u00e9ttermekbe, \u00e9tkez\u0151kbe, ter\u00edt\u00e9kekhez \u00e9s dekorat\u00edv kompoz\u00edci\u00f3khoz. <\/p>\n<p>A m\u0171petrezselyem el\u0151nye, hogy nem ig\u00e9nyel \u00f6nt\u00f6z\u00e9st, mindig meg\u0151rzi friss megjelen\u00e9s\u00e9t \u00e9s tart\u00f3s.<\/p>\n","protected":false},"excerpt":{"rendered":"<p>M\u0171anyag petrezselyem \u2013 dekorat\u00edv csokor a konyh\u00e1ba, \u00e9tkez\u0151be \u00e9s d\u00edsz\u00edt\u00e9si ar\u00e1nyokhoz.<\/p>\n","protected":false},"featured_media":42005,"comment_status":"closed","ping_status":"open","template":"","meta":[],"product_brand":[],"product_cat":[5308],"product_tag":[],"class_list":{"0":"post-42351","1":"product","2":"type-product","3":"status-publish","4":"has-post-thumbnail","6":"product_cat-mesterseges-elelmiszer","8":"first","9":"instock","10":"taxable","11":"shipping-taxable","12":"purchasable","13":"product-type-simple"},"_links":{"self":[{"href":"https:\/\/www.miravila.com\/hu\/wp-json\/wp\/v2\/product\/42351","targetHints":{"allow":["GET"]}}],"collection":[{"href":"https:\/\/www.miravila.com\/hu\/wp-json\/wp\/v2\/product"}],"about":[{"href":"https:\/\/www.miravila.com\/hu\/wp-json\/wp\/v2\/types\/product"}],"replies":[{"embeddable":true,"href":"https:\/\/www.miravila.com\/hu\/wp-json\/wp\/v2\/comments?post=42351"}],"wp:featuredmedia":[{"embeddable":true,"href":"https:\/\/www.miravila.com\/hu\/wp-json\/wp\/v2\/media\/42005"}],"wp:attachment":[{"href":"https:\/\/www.miravila.com\/hu\/wp-json\/wp\/v2\/media?parent=42351"}],"wp:term":[{"taxonomy":"product_brand","embeddable":true,"href":"https:\/\/www.miravila.com\/hu\/wp-json\/wp\/v2\/product_brand?post=42351"},{"taxonomy":"product_cat","embeddable":true,"href":"https:\/\/www.miravila.com\/hu\/wp-json\/wp\/v2\/product_cat?post=42351"},{"taxonomy":"product_tag","embeddable":true,"href":"https:\/\/www.miravila.com\/hu\/wp-json\/wp\/v2\/product_tag?post=42351"}],"curies":[{"name":"wp","href":"https:\/\/api.w.org\/{rel}","templated":true}]}}