{"id":42349,"date":"2025-09-11T10:35:09","date_gmt":"2025-09-11T08:35:09","guid":{"rendered":"https:\/\/www.miravila.com\/product\/rak-x-1\/"},"modified":"2025-09-11T16:36:17","modified_gmt":"2025-09-11T14:36:17","slug":"rak-x-1","status":"publish","type":"product","link":"https:\/\/www.miravila.com\/hu\/termek\/rak-x-1\/","title":{"rendered":"RAK X 1"},"content":{"rendered":"<p>Ez a m\u0171 r\u00e1k term\u00e9szetes m\u00e9retben \u00e9s sz\u00ednben k\u00e9sz\u00fclt, rendk\u00edv\u00fcl pontosan megform\u00e1lt cs\u00e1pr\u00e1g\u00f3kkal, l\u00e1bakkal \u00e9s p\u00e1nc\u00e9llal. Kiv\u00e1l\u00f3an illik dekor\u00e1ci\u00f3k\u00e9nt hal\u00e9ttermekbe, tengeri \u00e9teleket \u00e1rus\u00edt\u00f3 boltokba, catering elrendez\u00e9sekhez vagy tengerparti tematikus d\u00edsz\u00edt\u00e9sekhez. <\/p>\n<p>Tart\u00f3s anyagb\u00f3l k\u00e9sz\u00fclt, amely meg\u0151rzi sz\u00edn\u00e9t \u00e9s form\u00e1j\u00e1t, tart\u00f3s haszn\u00e1latra alkalmas.<\/p>\n","protected":false},"excerpt":{"rendered":"<p>M\u0171vi r\u00e1k \u2013 realistikus tengeri dekor\u00e1ci\u00f3 term\u00e9szetes sz\u00ednben, alkalmas dekor\u00e1ci\u00f3khoz, \u00e9ttermekhez \u00e9s kulin\u00e1ris bemutat\u00f3khoz.<\/p>\n","protected":false},"featured_media":41995,"comment_status":"closed","ping_status":"open","template":"","meta":[],"product_brand":[],"product_cat":[5308],"product_tag":[],"class_list":{"0":"post-42349","1":"product","2":"type-product","3":"status-publish","4":"has-post-thumbnail","6":"product_cat-mesterseges-elelmiszer","8":"first","9":"instock","10":"taxable","11":"shipping-taxable","12":"purchasable","13":"product-type-simple"},"_links":{"self":[{"href":"https:\/\/www.miravila.com\/hu\/wp-json\/wp\/v2\/product\/42349","targetHints":{"allow":["GET"]}}],"collection":[{"href":"https:\/\/www.miravila.com\/hu\/wp-json\/wp\/v2\/product"}],"about":[{"href":"https:\/\/www.miravila.com\/hu\/wp-json\/wp\/v2\/types\/product"}],"replies":[{"embeddable":true,"href":"https:\/\/www.miravila.com\/hu\/wp-json\/wp\/v2\/comments?post=42349"}],"wp:featuredmedia":[{"embeddable":true,"href":"https:\/\/www.miravila.com\/hu\/wp-json\/wp\/v2\/media\/41995"}],"wp:attachment":[{"href":"https:\/\/www.miravila.com\/hu\/wp-json\/wp\/v2\/media?parent=42349"}],"wp:term":[{"taxonomy":"product_brand","embeddable":true,"href":"https:\/\/www.miravila.com\/hu\/wp-json\/wp\/v2\/product_brand?post=42349"},{"taxonomy":"product_cat","embeddable":true,"href":"https:\/\/www.miravila.com\/hu\/wp-json\/wp\/v2\/product_cat?post=42349"},{"taxonomy":"product_tag","embeddable":true,"href":"https:\/\/www.miravila.com\/hu\/wp-json\/wp\/v2\/product_tag?post=42349"}],"curies":[{"name":"wp","href":"https:\/\/api.w.org\/{rel}","templated":true}]}}