{"id":42348,"date":"2025-09-11T10:35:09","date_gmt":"2025-09-11T08:35:09","guid":{"rendered":"https:\/\/www.miravila.com\/product\/sir-emental-pvc-darab-x-1\/"},"modified":"2025-09-11T16:36:17","modified_gmt":"2025-09-11T14:36:17","slug":"sir-emental-pvc-darab-x-1","status":"publish","type":"product","link":"https:\/\/www.miravila.com\/hu\/termek\/sir-emental-pvc-darab-x-1\/","title":{"rendered":"SIR EMENTAL PVC DARAB X 1"},"content":{"rendered":"<p>Ez a m\u0171anyag ement\u00e1li sajt jellegzetes h\u00e1romsz\u00f6glet\u0171 form\u00e1ban k\u00e9sz\u00fclt, val\u00f3s\u00e1gh\u0171 lyukakkal, amelyek az igazi sajtra eml\u00e9keztetnek. T\u00f6k\u00e9letes dekor\u00e1ci\u00f3 ki\u00e1ll\u00edt\u00e1sokhoz, \u00e9lelmiszerboltokhoz, \u00e9ttermekhez, catering bemutat\u00f3khoz vagy otthoni kulin\u00e1ris rendezv\u00e9nyekhez. <\/p>\n<p>Magas min\u0151s\u00e9g\u0171 anyagokb\u00f3l k\u00e9sz\u00fclt, amelyek hossz\u00fa \u00e9lettartamot \u00e9s k\u00f6nny\u0171 tiszt\u00edt\u00e1st biztos\u00edtanak.<\/p>\n","protected":false},"excerpt":{"rendered":"<p>M\u0171anyag ement\u00e1li sajt \u2013 val\u00f3s\u00e1gh\u0171 dekor\u00e1ci\u00f3 tipikus lyukakkal, alkalmas dekor\u00e1ci\u00f3khoz, boltokhoz vagy kulin\u00e1ris bemutat\u00f3khoz.<\/p>\n","protected":false},"featured_media":41990,"comment_status":"closed","ping_status":"open","template":"","meta":[],"product_brand":[],"product_cat":[5308],"product_tag":[],"class_list":{"0":"post-42348","1":"product","2":"type-product","3":"status-publish","4":"has-post-thumbnail","6":"product_cat-mesterseges-elelmiszer","8":"first","9":"instock","10":"taxable","11":"shipping-taxable","12":"purchasable","13":"product-type-simple"},"_links":{"self":[{"href":"https:\/\/www.miravila.com\/hu\/wp-json\/wp\/v2\/product\/42348","targetHints":{"allow":["GET"]}}],"collection":[{"href":"https:\/\/www.miravila.com\/hu\/wp-json\/wp\/v2\/product"}],"about":[{"href":"https:\/\/www.miravila.com\/hu\/wp-json\/wp\/v2\/types\/product"}],"replies":[{"embeddable":true,"href":"https:\/\/www.miravila.com\/hu\/wp-json\/wp\/v2\/comments?post=42348"}],"wp:featuredmedia":[{"embeddable":true,"href":"https:\/\/www.miravila.com\/hu\/wp-json\/wp\/v2\/media\/41990"}],"wp:attachment":[{"href":"https:\/\/www.miravila.com\/hu\/wp-json\/wp\/v2\/media?parent=42348"}],"wp:term":[{"taxonomy":"product_brand","embeddable":true,"href":"https:\/\/www.miravila.com\/hu\/wp-json\/wp\/v2\/product_brand?post=42348"},{"taxonomy":"product_cat","embeddable":true,"href":"https:\/\/www.miravila.com\/hu\/wp-json\/wp\/v2\/product_cat?post=42348"},{"taxonomy":"product_tag","embeddable":true,"href":"https:\/\/www.miravila.com\/hu\/wp-json\/wp\/v2\/product_tag?post=42348"}],"curies":[{"name":"wp","href":"https:\/\/api.w.org\/{rel}","templated":true}]}}