{"id":42347,"date":"2025-09-11T10:35:09","date_gmt":"2025-09-11T08:35:09","guid":{"rendered":"https:\/\/www.miravila.com\/product\/paradicsom-x-1\/"},"modified":"2025-09-11T16:36:17","modified_gmt":"2025-09-11T14:36:17","slug":"paradicsom-x-1","status":"publish","type":"product","link":"https:\/\/www.miravila.com\/hu\/termek\/paradicsom-x-1\/","title":{"rendered":"PARADICSOM X 1"},"content":{"rendered":"<p>Ez a m\u0171anyag paradicsom kifejezett bord\u00e1kkal \u00e9s term\u00e9szetes piros sz\u00ednnel van kialak\u00edtva, amely a val\u00f3di friss gy\u00fcm\u00f6lcs\u00f6t ut\u00e1nozza. Ide\u00e1lisan illik dekor\u00e1ci\u00f3k\u00e9nt boltokban, \u00e9ttermekben, kulin\u00e1ris bemutat\u00f3kon vagy otthoni d\u00edsz\u00edt\u00e9sekben.<\/p>\n<p>Tart\u00f3s anyagokb\u00f3l k\u00e9sz\u00fclt, amelyek biztos\u00edtj\u00e1k a hossz\u00fa \u00e9lettartamot \u00e9s a k\u00f6nny\u0171 karbantart\u00e1st.<\/p>\n","protected":false},"excerpt":{"rendered":"<p>M\u0171anyag paradicsom \u2013 re\u00e1lis dekor\u00e1ci\u00f3 bord\u00e1zott paradicsom form\u00e1j\u00e1ban, amely alkalmas konyh\u00e1ba, ki\u00e1ll\u00edt\u00e1sokra vagy dekor\u00e1ci\u00f3s \u00f6ssze\u00e1ll\u00edt\u00e1sokhoz.<\/p>\n","protected":false},"featured_media":41985,"comment_status":"closed","ping_status":"open","template":"","meta":[],"product_brand":[],"product_cat":[5308,5312],"product_tag":[],"class_list":{"0":"post-42347","1":"product","2":"type-product","3":"status-publish","4":"has-post-thumbnail","6":"product_cat-mesterseges-elelmiszer","7":"product_cat-zoldseg","9":"first","10":"instock","11":"taxable","12":"shipping-taxable","13":"purchasable","14":"product-type-simple"},"_links":{"self":[{"href":"https:\/\/www.miravila.com\/hu\/wp-json\/wp\/v2\/product\/42347","targetHints":{"allow":["GET"]}}],"collection":[{"href":"https:\/\/www.miravila.com\/hu\/wp-json\/wp\/v2\/product"}],"about":[{"href":"https:\/\/www.miravila.com\/hu\/wp-json\/wp\/v2\/types\/product"}],"replies":[{"embeddable":true,"href":"https:\/\/www.miravila.com\/hu\/wp-json\/wp\/v2\/comments?post=42347"}],"wp:featuredmedia":[{"embeddable":true,"href":"https:\/\/www.miravila.com\/hu\/wp-json\/wp\/v2\/media\/41985"}],"wp:attachment":[{"href":"https:\/\/www.miravila.com\/hu\/wp-json\/wp\/v2\/media?parent=42347"}],"wp:term":[{"taxonomy":"product_brand","embeddable":true,"href":"https:\/\/www.miravila.com\/hu\/wp-json\/wp\/v2\/product_brand?post=42347"},{"taxonomy":"product_cat","embeddable":true,"href":"https:\/\/www.miravila.com\/hu\/wp-json\/wp\/v2\/product_cat?post=42347"},{"taxonomy":"product_tag","embeddable":true,"href":"https:\/\/www.miravila.com\/hu\/wp-json\/wp\/v2\/product_tag?post=42347"}],"curies":[{"name":"wp","href":"https:\/\/api.w.org\/{rel}","templated":true}]}}