{"id":42346,"date":"2025-09-11T10:35:09","date_gmt":"2025-09-11T08:35:09","guid":{"rendered":"https:\/\/www.miravila.com\/product\/narancs-d-8-cm-x-1\/"},"modified":"2025-09-11T16:36:17","modified_gmt":"2025-09-11T14:36:17","slug":"narancs-d-8-cm-x-1","status":"publish","type":"product","link":"https:\/\/www.miravila.com\/hu\/termek\/narancs-d-8-cm-x-1\/","title":{"rendered":"NARANCS D-8 CM X 1"},"content":{"rendered":"<p>Ez a m\u0171narancs nagyfok\u00fa precizit\u00e1ssal k\u00e9sz\u00fclt, term\u00e9szetes h\u00e9jszerkezettel \u00e9s jellegzetes narancss\u00e1rga sz\u00ednnel rendelkezik. Kiv\u00e1l\u00f3 dekor\u00e1ci\u00f3 kereskedelmi vitrin\u00e1khoz, kulin\u00e1ris bemutat\u00f3khoz, otthoni konyh\u00e1khoz, \u00e9ttermekhez vagy kreat\u00edv dekorat\u00edv kompoz\u00edci\u00f3khoz.<\/p>\n<p>Kiv\u00e1l\u00f3 min\u0151s\u00e9g\u0171 anyagokb\u00f3l k\u00e9sz\u00fclt, amelyek tart\u00f3s tart\u00f3ss\u00e1got \u00e9s k\u00f6nny\u0171 karbantart\u00e1st biztos\u00edtanak.<\/p>\n","protected":false},"excerpt":{"rendered":"<p>Mesters\u00e9ges narancs \u2013 realisztikus dekorat\u00edv gy\u00fcm\u00f6lcs konyh\u00e1ba, boltba, \u00e9tterembe vagy dekor\u00e1ci\u00f3khoz.<\/p>\n","protected":false},"featured_media":41980,"comment_status":"closed","ping_status":"open","template":"","meta":[],"product_brand":[],"product_cat":[5309,5308],"product_tag":[],"class_list":{"0":"post-42346","1":"product","2":"type-product","3":"status-publish","4":"has-post-thumbnail","6":"product_cat-gyumolcs-mesterseges-elelmiszer","7":"product_cat-mesterseges-elelmiszer","9":"first","10":"outofstock","11":"taxable","12":"shipping-taxable","13":"purchasable","14":"product-type-simple"},"_links":{"self":[{"href":"https:\/\/www.miravila.com\/hu\/wp-json\/wp\/v2\/product\/42346","targetHints":{"allow":["GET"]}}],"collection":[{"href":"https:\/\/www.miravila.com\/hu\/wp-json\/wp\/v2\/product"}],"about":[{"href":"https:\/\/www.miravila.com\/hu\/wp-json\/wp\/v2\/types\/product"}],"replies":[{"embeddable":true,"href":"https:\/\/www.miravila.com\/hu\/wp-json\/wp\/v2\/comments?post=42346"}],"wp:featuredmedia":[{"embeddable":true,"href":"https:\/\/www.miravila.com\/hu\/wp-json\/wp\/v2\/media\/41980"}],"wp:attachment":[{"href":"https:\/\/www.miravila.com\/hu\/wp-json\/wp\/v2\/media?parent=42346"}],"wp:term":[{"taxonomy":"product_brand","embeddable":true,"href":"https:\/\/www.miravila.com\/hu\/wp-json\/wp\/v2\/product_brand?post=42346"},{"taxonomy":"product_cat","embeddable":true,"href":"https:\/\/www.miravila.com\/hu\/wp-json\/wp\/v2\/product_cat?post=42346"},{"taxonomy":"product_tag","embeddable":true,"href":"https:\/\/www.miravila.com\/hu\/wp-json\/wp\/v2\/product_tag?post=42346"}],"curies":[{"name":"wp","href":"https:\/\/api.w.org\/{rel}","templated":true}]}}