{"id":42345,"date":"2025-09-11T10:35:09","date_gmt":"2025-09-11T08:35:09","guid":{"rendered":"https:\/\/www.miravila.com\/product\/jurcek-gomb-h-16-cm-x-1\/"},"modified":"2025-09-11T16:36:17","modified_gmt":"2025-09-11T14:36:17","slug":"jurcek-gomb-h-16-cm-x-1","status":"publish","type":"product","link":"https:\/\/www.miravila.com\/hu\/termek\/jurcek-gomb-h-16-cm-x-1\/","title":{"rendered":"JUR\u010cEK GOMB H-16 CM X 1"},"content":{"rendered":"<p>Ez a m\u0171anyag r\u00f3kagomba rendk\u00edv\u00fcl h\u0171s\u00e9ges ut\u00e1nzata az egyik legn\u00e9pszer\u0171bb erdei gomb\u00e1nak. Term\u00e9szetes megjelen\u00e9se, jellegzetes barna kalapja \u00e9s vastag feh\u00e9r t\u00f6nkje miatt kiv\u00e1l\u00f3 v\u00e1laszt\u00e1s kereskedelmi kirakatokhoz, \u00e9ttermekhez, kulin\u00e1ris bemutat\u00f3khoz, \u0151szi dekor\u00e1ci\u00f3khoz vagy otthoni d\u00edsz\u00edt\u00e9shez. <\/p>\n<p>Kiv\u00e1l\u00f3 min\u0151s\u00e9g\u0171 anyagokb\u00f3l k\u00e9sz\u00fclt, amelyek hossz\u00fa \u00e9lettartamot \u00e9s k\u00f6nny\u0171 karbantart\u00e1st biztos\u00edtanak.<\/p>\n","protected":false},"excerpt":{"rendered":"<p>M\u0171v\u00e9szeti varg\u00e1nya \u2013 realisztikus dekor\u00e1ci\u00f3 a konyh\u00e1ba, vend\u00e9gl\u00e1t\u00e1sba, kompoz\u00edci\u00f3khoz \u00e9s \u0151szi dekor\u00e1ci\u00f3khoz.<\/p>\n","protected":false},"featured_media":41975,"comment_status":"closed","ping_status":"open","template":"","meta":[],"product_brand":[],"product_cat":[5308],"product_tag":[],"class_list":{"0":"post-42345","1":"product","2":"type-product","3":"status-publish","4":"has-post-thumbnail","6":"product_cat-mesterseges-elelmiszer","8":"first","9":"instock","10":"taxable","11":"shipping-taxable","12":"purchasable","13":"product-type-simple"},"_links":{"self":[{"href":"https:\/\/www.miravila.com\/hu\/wp-json\/wp\/v2\/product\/42345","targetHints":{"allow":["GET"]}}],"collection":[{"href":"https:\/\/www.miravila.com\/hu\/wp-json\/wp\/v2\/product"}],"about":[{"href":"https:\/\/www.miravila.com\/hu\/wp-json\/wp\/v2\/types\/product"}],"replies":[{"embeddable":true,"href":"https:\/\/www.miravila.com\/hu\/wp-json\/wp\/v2\/comments?post=42345"}],"wp:featuredmedia":[{"embeddable":true,"href":"https:\/\/www.miravila.com\/hu\/wp-json\/wp\/v2\/media\/41975"}],"wp:attachment":[{"href":"https:\/\/www.miravila.com\/hu\/wp-json\/wp\/v2\/media?parent=42345"}],"wp:term":[{"taxonomy":"product_brand","embeddable":true,"href":"https:\/\/www.miravila.com\/hu\/wp-json\/wp\/v2\/product_brand?post=42345"},{"taxonomy":"product_cat","embeddable":true,"href":"https:\/\/www.miravila.com\/hu\/wp-json\/wp\/v2\/product_cat?post=42345"},{"taxonomy":"product_tag","embeddable":true,"href":"https:\/\/www.miravila.com\/hu\/wp-json\/wp\/v2\/product_tag?post=42345"}],"curies":[{"name":"wp","href":"https:\/\/api.w.org\/{rel}","templated":true}]}}