{"id":42344,"date":"2025-09-11T10:35:09","date_gmt":"2025-09-11T08:35:09","guid":{"rendered":"https:\/\/www.miravila.com\/product\/nektarina-x-1\/"},"modified":"2025-09-11T16:36:16","modified_gmt":"2025-09-11T14:36:16","slug":"nektarina-x-1","status":"publish","type":"product","link":"https:\/\/www.miravila.com\/hu\/termek\/nektarina-x-1\/","title":{"rendered":"NEKTARINA X 1"},"content":{"rendered":"<p>Ez a m\u0171anyag nektarin rendk\u00edv\u00fcl \u00e9leth\u0171 dekor\u00e1ci\u00f3, amely feldobja a teret. Term\u00e9szetes megjelen\u00e9se \u00e9s prec\u00edz kivitelez\u00e9se miatt \u00e9ttermek, boltki\u00e1ll\u00edt\u00e1sok, kulin\u00e1ris bemutat\u00f3k, asztali dekor\u00e1ci\u00f3k vagy otthoni haszn\u00e1latra is alkalmas.<\/p>\n<p>A gy\u00fcm\u00f6lcs kiv\u00e1l\u00f3 min\u0151s\u00e9g\u0171, s\u00e9r\u00fcl\u00e9sekkel szemben ellen\u00e1ll\u00f3 \u00e9s k\u00f6nnyen karbantarthat\u00f3 anyagokb\u00f3l k\u00e9sz\u00fclt. A s\u00e1rg\u00e1r\u00f3l pirosra v\u00e1lt\u00f3 sz\u00edn\u00e1tmenetek val\u00f3di friss nektarin hat\u00e1s\u00e1t keltik.<\/p>\n","protected":false},"excerpt":{"rendered":"<p>Mesters\u00e9ges nektarin \u2013 re\u00e1lis dekor\u00e1ci\u00f3 konyh\u00e1hoz, ki\u00e1ll\u00edt\u00e1sokhoz, f\u00e9nyk\u00e9pez\u00e9shez \u00e9s dekor\u00e1ci\u00f3khoz.<\/p>\n","protected":false},"featured_media":41970,"comment_status":"closed","ping_status":"open","template":"","meta":[],"product_brand":[],"product_cat":[5309,5308],"product_tag":[],"class_list":{"0":"post-42344","1":"product","2":"type-product","3":"status-publish","4":"has-post-thumbnail","6":"product_cat-gyumolcs-mesterseges-elelmiszer","7":"product_cat-mesterseges-elelmiszer","9":"first","10":"instock","11":"taxable","12":"shipping-taxable","13":"purchasable","14":"product-type-simple"},"_links":{"self":[{"href":"https:\/\/www.miravila.com\/hu\/wp-json\/wp\/v2\/product\/42344","targetHints":{"allow":["GET"]}}],"collection":[{"href":"https:\/\/www.miravila.com\/hu\/wp-json\/wp\/v2\/product"}],"about":[{"href":"https:\/\/www.miravila.com\/hu\/wp-json\/wp\/v2\/types\/product"}],"replies":[{"embeddable":true,"href":"https:\/\/www.miravila.com\/hu\/wp-json\/wp\/v2\/comments?post=42344"}],"wp:featuredmedia":[{"embeddable":true,"href":"https:\/\/www.miravila.com\/hu\/wp-json\/wp\/v2\/media\/41970"}],"wp:attachment":[{"href":"https:\/\/www.miravila.com\/hu\/wp-json\/wp\/v2\/media?parent=42344"}],"wp:term":[{"taxonomy":"product_brand","embeddable":true,"href":"https:\/\/www.miravila.com\/hu\/wp-json\/wp\/v2\/product_brand?post=42344"},{"taxonomy":"product_cat","embeddable":true,"href":"https:\/\/www.miravila.com\/hu\/wp-json\/wp\/v2\/product_cat?post=42344"},{"taxonomy":"product_tag","embeddable":true,"href":"https:\/\/www.miravila.com\/hu\/wp-json\/wp\/v2\/product_tag?post=42344"}],"curies":[{"name":"wp","href":"https:\/\/api.w.org\/{rel}","templated":true}]}}