{"id":42342,"date":"2025-09-11T10:35:09","date_gmt":"2025-09-11T08:35:09","guid":{"rendered":"https:\/\/www.miravila.com\/product\/pvc-labu-sonka-h-66x22x10-cm-szukitett\/"},"modified":"2025-09-11T16:36:16","modified_gmt":"2025-09-11T14:36:16","slug":"pvc-labu-sonka-h-66x22x10-cm-szukitett","status":"publish","type":"product","link":"https:\/\/www.miravila.com\/hu\/termek\/pvc-labu-sonka-h-66x22x10-cm-szukitett\/","title":{"rendered":"PVC L\u00c1B\u00da SONKA H-66X22X10 CM SZ\u0170K\u00cdTETT"},"content":{"rendered":"<p>A m\u0171anyag sonka l\u00e1bbal prec\u00edz r\u00e9szletekkel van elk\u00e9sz\u00edtve, amelyek teljes m\u00e9rt\u00e9kben ut\u00e1nozz\u00e1k a val\u00f3di sonk\u00e1t, bele\u00e9rtve a l\u00e1bat \u00e9s a felakaszt\u00f3 zsin\u00f3rt. A r\u00e9alistikus sz\u00edn, text\u00fara \u00e9s forma ide\u00e1liss\u00e1 teszi a term\u00e9ket boltok, hentesek, \u00e9ttermek, v\u00e1s\u00e1rok, kulin\u00e1ris bemutat\u00f3k \u00e9s borospinc\u00e9k sz\u00e1m\u00e1ra.<\/p>\n<p>Nem ig\u00e9nyel k\u00fcl\u00f6nleges gondoz\u00e1st, sosem romlik meg, \u00e9s hossz\u00fa t\u00e1v\u00fa dekorat\u00edv haszn\u00e1latra alkalmas. A zsin\u00f3rnak k\u00f6sz\u00f6nhet\u0151en egyszer\u0171en felakaszthat\u00f3, hogy hangs\u00falyozza a t\u00e9r autentikuss\u00e1g\u00e1t.<\/p>\n","protected":false},"excerpt":{"rendered":"<p>Mesters\u00e9ges sonka l\u00e1bbal \u2013 dekorat\u00edv sonkamodell hentes\u00fczletek, \u00e9ttermek, boltok \u00e9s borospinc\u00e9k sz\u00e1m\u00e1ra.<\/p>\n","protected":false},"featured_media":41960,"comment_status":"closed","ping_status":"open","template":"","meta":[],"product_brand":[],"product_cat":[5318,5308],"product_tag":[],"class_list":{"0":"post-42342","1":"product","2":"type-product","3":"status-publish","4":"has-post-thumbnail","6":"product_cat-husfelek","7":"product_cat-mesterseges-elelmiszer","9":"first","10":"outofstock","11":"taxable","12":"shipping-taxable","13":"purchasable","14":"product-type-simple"},"_links":{"self":[{"href":"https:\/\/www.miravila.com\/hu\/wp-json\/wp\/v2\/product\/42342","targetHints":{"allow":["GET"]}}],"collection":[{"href":"https:\/\/www.miravila.com\/hu\/wp-json\/wp\/v2\/product"}],"about":[{"href":"https:\/\/www.miravila.com\/hu\/wp-json\/wp\/v2\/types\/product"}],"replies":[{"embeddable":true,"href":"https:\/\/www.miravila.com\/hu\/wp-json\/wp\/v2\/comments?post=42342"}],"wp:featuredmedia":[{"embeddable":true,"href":"https:\/\/www.miravila.com\/hu\/wp-json\/wp\/v2\/media\/41960"}],"wp:attachment":[{"href":"https:\/\/www.miravila.com\/hu\/wp-json\/wp\/v2\/media?parent=42342"}],"wp:term":[{"taxonomy":"product_brand","embeddable":true,"href":"https:\/\/www.miravila.com\/hu\/wp-json\/wp\/v2\/product_brand?post=42342"},{"taxonomy":"product_cat","embeddable":true,"href":"https:\/\/www.miravila.com\/hu\/wp-json\/wp\/v2\/product_cat?post=42342"},{"taxonomy":"product_tag","embeddable":true,"href":"https:\/\/www.miravila.com\/hu\/wp-json\/wp\/v2\/product_tag?post=42342"}],"curies":[{"name":"wp","href":"https:\/\/api.w.org\/{rel}","templated":true}]}}