{"id":42335,"date":"2025-09-11T10:35:09","date_gmt":"2025-09-11T08:35:09","guid":{"rendered":"https:\/\/www.miravila.com\/product\/pvc-modellel-keszult-kenyer\/"},"modified":"2025-09-11T16:36:14","modified_gmt":"2025-09-11T14:36:14","slug":"pvc-modellel-keszult-kenyer","status":"publish","type":"product","link":"https:\/\/www.miravila.com\/hu\/termek\/pvc-modellel-keszult-kenyer\/","title":{"rendered":"PVC MODELLEL K\u00c9SZ\u00dcLT KENY\u00c9R"},"content":{"rendered":"<p>Ez a modellb\u0151l k\u00e9sz\u00fclt m\u0171 keny\u00e9r frissen s\u00fclt pir\u00edt\u00f3s keny\u00e9rnek t\u0171nik, ropog\u00f3s h\u00e9jjal \u00e9s aranybarna fel\u00fclettel. Magas min\u0151s\u00e9g\u0171 anyagb\u00f3l k\u00e9sz\u00fclt, amely ut\u00e1nozza a keny\u00e9r term\u00e9szetes megjelen\u00e9s\u00e9t \u00e9s text\u00far\u00e1j\u00e1t, ez\u00e9rt ide\u00e1lis hossz\u00fa t\u00e1v\u00fa dekorat\u00edv haszn\u00e1latra.<\/p>\n<p>Alkalmas p\u00e9ks\u00e9gek kirakat\u00e1ba, k\u00e1v\u00e9z\u00f3kba, \u00e9ttermekbe, hotelekbe, cateringhez \u00e9s kulin\u00e1ris v\u00e1s\u00e1rokhoz, ahol term\u00e9szetes friss keny\u00e9rhat\u00e1st szeretne el\u00e9rni \u00fagy, hogy ne kelljen agg\u00f3dnia a roml\u00e1s miatt. Kiv\u00e1l\u00f3an kombin\u00e1lhat\u00f3 m\u0171 zseml\u00e9kkel, bagettekkel, kiflikkel \u00e9s egy\u00e9b dekorat\u00edv p\u00e9k\u00e1ru term\u00e9kekkel.<\/p>\n","protected":false},"excerpt":{"rendered":"<p>Mesters\u00e9ges keny\u00e9r a form\u00e1b\u00f3l \u2013 \u00e9leth\u0171 p\u00e9ks\u00fctem\u00e9ny p\u00e9ks\u00e9gek, k\u00e1v\u00e9z\u00f3k, boltok \u00e9s kulin\u00e1ris bemutat\u00f3k d\u00edsz\u00edt\u00e9s\u00e9re.<\/p>\n","protected":false},"featured_media":41917,"comment_status":"closed","ping_status":"open","template":"","meta":[],"product_brand":[],"product_cat":[5308,5323],"product_tag":[],"class_list":{"0":"post-42335","1":"product","2":"type-product","3":"status-publish","4":"has-post-thumbnail","6":"product_cat-mesterseges-elelmiszer","7":"product_cat-peksutemeny-mesterseges-elelmiszer","9":"first","10":"instock","11":"taxable","12":"shipping-taxable","13":"purchasable","14":"product-type-simple"},"_links":{"self":[{"href":"https:\/\/www.miravila.com\/hu\/wp-json\/wp\/v2\/product\/42335","targetHints":{"allow":["GET"]}}],"collection":[{"href":"https:\/\/www.miravila.com\/hu\/wp-json\/wp\/v2\/product"}],"about":[{"href":"https:\/\/www.miravila.com\/hu\/wp-json\/wp\/v2\/types\/product"}],"replies":[{"embeddable":true,"href":"https:\/\/www.miravila.com\/hu\/wp-json\/wp\/v2\/comments?post=42335"}],"wp:featuredmedia":[{"embeddable":true,"href":"https:\/\/www.miravila.com\/hu\/wp-json\/wp\/v2\/media\/41917"}],"wp:attachment":[{"href":"https:\/\/www.miravila.com\/hu\/wp-json\/wp\/v2\/media?parent=42335"}],"wp:term":[{"taxonomy":"product_brand","embeddable":true,"href":"https:\/\/www.miravila.com\/hu\/wp-json\/wp\/v2\/product_brand?post=42335"},{"taxonomy":"product_cat","embeddable":true,"href":"https:\/\/www.miravila.com\/hu\/wp-json\/wp\/v2\/product_cat?post=42335"},{"taxonomy":"product_tag","embeddable":true,"href":"https:\/\/www.miravila.com\/hu\/wp-json\/wp\/v2\/product_tag?post=42335"}],"curies":[{"name":"wp","href":"https:\/\/api.w.org\/{rel}","templated":true}]}}