{"id":42319,"date":"2025-09-11T10:35:02","date_gmt":"2025-09-11T08:35:02","guid":{"rendered":"https:\/\/www.miravila.com\/product\/tok-narancs-h-20-d-14-cm\/"},"modified":"2025-09-11T16:36:07","modified_gmt":"2025-09-11T14:36:07","slug":"tok-narancs-h-20-d-14-cm","status":"publish","type":"product","link":"https:\/\/www.miravila.com\/hu\/termek\/tok-narancs-h-20-d-14-cm\/","title":{"rendered":"T\u00d6K NARANCS H-20, D-14 CM"},"content":{"rendered":"<p>Ez a m\u0171 t\u00f6k pontos r\u00e9szletekkel k\u00e9sz\u00fclt, amelyek ut\u00e1nozz\u00e1k a val\u00f3di t\u00f6k term\u00e9szetes text\u00far\u00e1j\u00e1t \u00e9s sz\u00edn\u00e9t. K\u00f6r alak\u00fa form\u00e1ja, \u00e9l\u00e9nk narancss\u00e1rga sz\u00edne s\u00e1rg\u00e1s foltokkal \u00e9s a realisztikus \u00edvelt sz\u00e1ra teljesen autentikus megjelen\u00e9st k\u00f6lcs\u00f6n\u00f6z. Kiv\u00e1l\u00f3 d\u00edszn\u00f6v\u00e9ny a konyh\u00e1ban, \u00e9ttermekben, sz\u00e1llodai reggelikben, boltki\u00e1ll\u00edt\u00e1sokban, vagy mint \u0151szi \u00e9s Halloween dekor\u00e1ci\u00f3.<\/p>\n<p>Kiv\u00e1l\u00f3 min\u0151s\u00e9g\u0171 \u00e9s tart\u00f3s anyagb\u00f3l k\u00e9sz\u00fclt, amely nem ig\u00e9nyel k\u00fcl\u00f6n\u00f6sebb karbantart\u00e1st, \u00e9s sok\u00e1ig meg\u0151rzi term\u00e9szetes megjelen\u00e9s\u00e9t. Ez a m\u0171 d\u00edszn\u00f6v\u00e9ny praktikus megold\u00e1s mindazok sz\u00e1m\u00e1ra, akik meleg \u00e9s term\u00e9szetes k\u00f6rnyezetet szeretn\u00e9nek l\u00e9trehozni an\u00e9lk\u00fcl, hogy a val\u00f3di z\u00f6lds\u00e9gek romlan\u00e1nak.<\/p>\n","protected":false},"excerpt":{"rendered":"<p>Mesters\u00e9ges t\u00f6k \u2013 val\u00f3s\u00e1gh\u0171 kerek z\u00f6lds\u00e9gdekor\u00e1ci\u00f3 konyh\u00e1khoz, \u00e9ttermekhez, sz\u00e1llod\u00e1khoz, ki\u00e1ll\u00edt\u00e1sokhoz \u00e9s \u0151szi dekor\u00e1ci\u00f3khoz.<\/p>\n","protected":false},"featured_media":41805,"comment_status":"closed","ping_status":"open","template":"","meta":[],"product_brand":[],"product_cat":[5308,5312],"product_tag":[],"class_list":{"0":"post-42319","1":"product","2":"type-product","3":"status-publish","4":"has-post-thumbnail","6":"product_cat-mesterseges-elelmiszer","7":"product_cat-zoldseg","9":"first","10":"outofstock","11":"taxable","12":"shipping-taxable","13":"purchasable","14":"product-type-simple"},"_links":{"self":[{"href":"https:\/\/www.miravila.com\/hu\/wp-json\/wp\/v2\/product\/42319","targetHints":{"allow":["GET"]}}],"collection":[{"href":"https:\/\/www.miravila.com\/hu\/wp-json\/wp\/v2\/product"}],"about":[{"href":"https:\/\/www.miravila.com\/hu\/wp-json\/wp\/v2\/types\/product"}],"replies":[{"embeddable":true,"href":"https:\/\/www.miravila.com\/hu\/wp-json\/wp\/v2\/comments?post=42319"}],"wp:featuredmedia":[{"embeddable":true,"href":"https:\/\/www.miravila.com\/hu\/wp-json\/wp\/v2\/media\/41805"}],"wp:attachment":[{"href":"https:\/\/www.miravila.com\/hu\/wp-json\/wp\/v2\/media?parent=42319"}],"wp:term":[{"taxonomy":"product_brand","embeddable":true,"href":"https:\/\/www.miravila.com\/hu\/wp-json\/wp\/v2\/product_brand?post=42319"},{"taxonomy":"product_cat","embeddable":true,"href":"https:\/\/www.miravila.com\/hu\/wp-json\/wp\/v2\/product_cat?post=42319"},{"taxonomy":"product_tag","embeddable":true,"href":"https:\/\/www.miravila.com\/hu\/wp-json\/wp\/v2\/product_tag?post=42319"}],"curies":[{"name":"wp","href":"https:\/\/api.w.org\/{rel}","templated":true}]}}