{"id":42318,"date":"2025-09-11T10:35:02","date_gmt":"2025-09-11T08:35:02","guid":{"rendered":"https:\/\/www.miravila.com\/product\/tok-orszagos-h-19-d18-cm\/"},"modified":"2025-09-11T16:36:07","modified_gmt":"2025-09-11T14:36:07","slug":"tok-orszagos-h-19-d18-cm","status":"publish","type":"product","link":"https:\/\/www.miravila.com\/hu\/termek\/tok-orszagos-h-19-d18-cm\/","title":{"rendered":"T\u00d6K ORSZ\u00c1GOS H-19, D18 CM"},"content":{"rendered":"<p>Ez a lapos form\u00e1j\u00fa m\u0171t\u00f6k\u00e9j csod\u00e1latos dekor\u00e1ci\u00f3, amely a val\u00f3di t\u00f6k term\u00e9szetes megjelen\u00e9s\u00e9t ut\u00e1nozza. Narancss\u00e1rga sz\u00edn\u00e9vel, s\u00e1rga foltjaival \u00e9s re\u00e1lis s\u00f6t\u00e9t sz\u00e1r\u00e1val t\u00f6k\u00e9letesen illik az \u0151szi kompoz\u00edci\u00f3khoz, konyhai dekor\u00e1ci\u00f3khoz vagy Halloween d\u00edszek\u00e9nt. Alacsony, lapos form\u00e1ja miatt k\u00fcl\u00f6n\u00f6sen alkalmas asztalokhoz, kirakatokhoz \u00e9s tematikus dekor\u00e1ci\u00f3khoz.<\/p>\n<p>Min\u0151s\u00e9gi \u00e9s tart\u00f3s anyagb\u00f3l k\u00e9sz\u00fclt, amely sok\u00e1ig meg\u0151rzi form\u00e1j\u00e1t \u00e9s sz\u00edn\u00e9t k\u00fcl\u00f6n\u00f6sebb karbantart\u00e1s n\u00e9lk\u00fcl. Ez a dekor\u00e1ci\u00f3s m\u0171\u00e9lelmiszer remek megold\u00e1s mindazok sz\u00e1m\u00e1ra, akik \u0151szi hangulatot szeretn\u00e9nek vinni a t\u00e9rbe an\u00e9lk\u00fcl, hogy val\u00f3di z\u00f6lds\u00e9get romboln\u00e1nak.<\/p>\n","protected":false},"excerpt":{"rendered":"<p>Mesters\u00e9ges t\u00f6k &#8211; z\u00f6lds\u00e9g d\u00edsz\u00edt\u00e9s lapos form\u00e1ban, alkalmas konyh\u00e1khoz, kirakatokhoz, \u00e9ttermekhez \u00e9s \u0151szi dekor\u00e1ci\u00f3khoz.<\/p>\n","protected":false},"featured_media":41800,"comment_status":"closed","ping_status":"open","template":"","meta":[],"product_brand":[],"product_cat":[5308,5312],"product_tag":[],"class_list":{"0":"post-42318","1":"product","2":"type-product","3":"status-publish","4":"has-post-thumbnail","6":"product_cat-mesterseges-elelmiszer","7":"product_cat-zoldseg","9":"first","10":"outofstock","11":"taxable","12":"shipping-taxable","13":"purchasable","14":"product-type-simple"},"_links":{"self":[{"href":"https:\/\/www.miravila.com\/hu\/wp-json\/wp\/v2\/product\/42318","targetHints":{"allow":["GET"]}}],"collection":[{"href":"https:\/\/www.miravila.com\/hu\/wp-json\/wp\/v2\/product"}],"about":[{"href":"https:\/\/www.miravila.com\/hu\/wp-json\/wp\/v2\/types\/product"}],"replies":[{"embeddable":true,"href":"https:\/\/www.miravila.com\/hu\/wp-json\/wp\/v2\/comments?post=42318"}],"wp:featuredmedia":[{"embeddable":true,"href":"https:\/\/www.miravila.com\/hu\/wp-json\/wp\/v2\/media\/41800"}],"wp:attachment":[{"href":"https:\/\/www.miravila.com\/hu\/wp-json\/wp\/v2\/media?parent=42318"}],"wp:term":[{"taxonomy":"product_brand","embeddable":true,"href":"https:\/\/www.miravila.com\/hu\/wp-json\/wp\/v2\/product_brand?post=42318"},{"taxonomy":"product_cat","embeddable":true,"href":"https:\/\/www.miravila.com\/hu\/wp-json\/wp\/v2\/product_cat?post=42318"},{"taxonomy":"product_tag","embeddable":true,"href":"https:\/\/www.miravila.com\/hu\/wp-json\/wp\/v2\/product_tag?post=42318"}],"curies":[{"name":"wp","href":"https:\/\/api.w.org\/{rel}","templated":true}]}}