{"id":42309,"date":"2025-09-11T10:34:55","date_gmt":"2025-09-11T08:34:55","guid":{"rendered":"https:\/\/www.miravila.com\/product\/zold-pirulas-salata-h-15d-18\/"},"modified":"2025-09-11T16:36:03","modified_gmt":"2025-09-11T14:36:03","slug":"zold-pirulas-salata-h-15d-18","status":"publish","type":"product","link":"https:\/\/www.miravila.com\/hu\/termek\/zold-pirulas-salata-h-15d-18\/","title":{"rendered":"Z\u00d6LD-PIRUL\u00c1S SAL\u00c1TA H-15,D-18"},"content":{"rendered":"<p>Ez a m\u0171sal\u00e1ta kiv\u00e9teles r\u00e9szletekkel van kialak\u00edtva, amelyek ut\u00e1nozz\u00e1k az igazi sal\u00e1ta term\u00e9szetes leveleit. A z\u00f6ld \u00e1rnyalatok, amelyek v\u00f6r\u00f6sesbarna sz\u00e9lekbe mennek \u00e1t, hiteles megjelen\u00e9st \u00e9s friss \u00e9rzetet adnak a leveleknek. Ide\u00e1lis dekorat\u00edv z\u00f6lds\u00e9gk\u00e9nt a konyh\u00e1ban, \u00e9ttermekben, sz\u00e1llodai reggelin\u00e9l, bolti kirakatokban vagy mint kell\u00e9k az \u00e9telfot\u00f3z\u00e1shoz.<\/p>\n<p>Magas min\u0151s\u00e9g\u0171 \u00e9s tart\u00f3s anyagb\u00f3l k\u00e9sz\u00fclt, amely nem ig\u00e9nyel karbantart\u00e1st \u00e9s sok\u00e1ig meg\u0151rzi a realistikus megjelen\u00e9st. Ez a dekor\u00e1ci\u00f3s m\u0171anyag \u00e9lelmiszer praktikus megold\u00e1s mindazok sz\u00e1m\u00e1ra, akik term\u00e9szetes megjelen\u00e9st szeretn\u00e9nek an\u00e9lk\u00fcl, hogy az igazi z\u00f6lds\u00e9get elrontan\u00e1k.<\/p>\n","protected":false},"excerpt":{"rendered":"<p>Mesters\u00e9ges sal\u00e1ta \u2013 realistikus z\u00f6lds\u00e9gdekor\u00e1ci\u00f3 konyh\u00e1khoz, \u00e9ttermekhez, sz\u00e1llod\u00e1khoz \u00e9s \u00fczletek vitrinj\u00e9hez.<\/p>\n","protected":false},"featured_media":41635,"comment_status":"closed","ping_status":"open","template":"","meta":[],"product_brand":[],"product_cat":[5308,5312],"product_tag":[],"class_list":{"0":"post-42309","1":"product","2":"type-product","3":"status-publish","4":"has-post-thumbnail","6":"product_cat-mesterseges-elelmiszer","7":"product_cat-zoldseg","9":"first","10":"instock","11":"taxable","12":"shipping-taxable","13":"purchasable","14":"product-type-simple"},"_links":{"self":[{"href":"https:\/\/www.miravila.com\/hu\/wp-json\/wp\/v2\/product\/42309","targetHints":{"allow":["GET"]}}],"collection":[{"href":"https:\/\/www.miravila.com\/hu\/wp-json\/wp\/v2\/product"}],"about":[{"href":"https:\/\/www.miravila.com\/hu\/wp-json\/wp\/v2\/types\/product"}],"replies":[{"embeddable":true,"href":"https:\/\/www.miravila.com\/hu\/wp-json\/wp\/v2\/comments?post=42309"}],"wp:featuredmedia":[{"embeddable":true,"href":"https:\/\/www.miravila.com\/hu\/wp-json\/wp\/v2\/media\/41635"}],"wp:attachment":[{"href":"https:\/\/www.miravila.com\/hu\/wp-json\/wp\/v2\/media?parent=42309"}],"wp:term":[{"taxonomy":"product_brand","embeddable":true,"href":"https:\/\/www.miravila.com\/hu\/wp-json\/wp\/v2\/product_brand?post=42309"},{"taxonomy":"product_cat","embeddable":true,"href":"https:\/\/www.miravila.com\/hu\/wp-json\/wp\/v2\/product_cat?post=42309"},{"taxonomy":"product_tag","embeddable":true,"href":"https:\/\/www.miravila.com\/hu\/wp-json\/wp\/v2\/product_tag?post=42309"}],"curies":[{"name":"wp","href":"https:\/\/api.w.org\/{rel}","templated":true}]}}