{"id":42307,"date":"2025-09-11T10:34:55","date_gmt":"2025-09-11T08:34:55","guid":{"rendered":"https:\/\/www.miravila.com\/product\/paradicsom-x-2-2-agon-6-cm-piros\/"},"modified":"2025-09-11T16:36:02","modified_gmt":"2025-09-11T14:36:02","slug":"paradicsom-x-2-2-agon-6-cm-piros","status":"publish","type":"product","link":"https:\/\/www.miravila.com\/hu\/termek\/paradicsom-x-2-2-agon-6-cm-piros\/","title":{"rendered":"PARADICSOM X 2 2 \u00c1GON 6 CM PIROS"},"content":{"rendered":"<p>A m\u0171paradicsomok az \u00e1gon csod\u00e1latos dekor\u00e1ci\u00f3, amelyek term\u00e9szetes form\u00e1jukkal \u00e9s intenz\u00edv piros sz\u00edn\u00fckkel a friss paradicsomok megjelen\u00e9s\u00e9t ut\u00e1nozz\u00e1k. A z\u00f6ld sz\u00e1rak \u00e9s a gy\u00fcm\u00f6lcs\u00f6k elhelyez\u00e9se az \u00e1gon rendk\u00edv\u00fcl \u00e9leth\u0171 hat\u00e1st kelt, ez\u00e9rt kiv\u00e1l\u00f3an alkalmasak dekorat\u00edv z\u00f6lds\u00e9gk\u00e9nt konyh\u00e1kban, \u00e9ttermekben, sz\u00e1llodai reggelikn\u00e9l, boltki\u00e1ll\u00edt\u00e1sokon vagy \u00e9telek f\u00e9nyk\u00e9pez\u00e9s\u00e9n\u00e9l.<\/p>\n<p>Kiv\u00e1l\u00f3 min\u0151s\u00e9g\u0171, tart\u00f3s anyagb\u00f3l k\u00e9sz\u00fclnek, amely hossz\u00fa ideig meg\u0151rzi sz\u00edn\u00e9t \u00e9s form\u00e1j\u00e1t k\u00fcl\u00f6n\u00f6sebb karbantart\u00e1s n\u00e9lk\u00fcl. Ez a m\u0171anyag \u00e9lelmiszer-dekor\u00e1ci\u00f3 ide\u00e1lis megold\u00e1s mindazok sz\u00e1m\u00e1ra, akik term\u00e9szetes \u00e9s friss megjelen\u00e9st szeretn\u00e9nek an\u00e9lk\u00fcl, hogy a val\u00f3di z\u00f6lds\u00e9gek roml\u00e1s\u00e1val kellene foglalkozniuk.<\/p>\n","protected":false},"excerpt":{"rendered":"<p>M\u0171anyag paradicsomok a \u00e1gon \u2013 realistikus z\u00f6lds\u00e9gdekor\u00e1ci\u00f3 konyh\u00e1khoz, hotelekhez, \u00e9ttermekhez \u00e9s ki\u00e1ll\u00edt\u00e1sokhoz.<\/p>\n","protected":false},"featured_media":41549,"comment_status":"closed","ping_status":"open","template":"","meta":[],"product_brand":[],"product_cat":[5308,5312],"product_tag":[],"class_list":{"0":"post-42307","1":"product","2":"type-product","3":"status-publish","4":"has-post-thumbnail","6":"product_cat-mesterseges-elelmiszer","7":"product_cat-zoldseg","9":"first","10":"outofstock","11":"taxable","12":"shipping-taxable","13":"purchasable","14":"product-type-simple"},"_links":{"self":[{"href":"https:\/\/www.miravila.com\/hu\/wp-json\/wp\/v2\/product\/42307","targetHints":{"allow":["GET"]}}],"collection":[{"href":"https:\/\/www.miravila.com\/hu\/wp-json\/wp\/v2\/product"}],"about":[{"href":"https:\/\/www.miravila.com\/hu\/wp-json\/wp\/v2\/types\/product"}],"replies":[{"embeddable":true,"href":"https:\/\/www.miravila.com\/hu\/wp-json\/wp\/v2\/comments?post=42307"}],"wp:featuredmedia":[{"embeddable":true,"href":"https:\/\/www.miravila.com\/hu\/wp-json\/wp\/v2\/media\/41549"}],"wp:attachment":[{"href":"https:\/\/www.miravila.com\/hu\/wp-json\/wp\/v2\/media?parent=42307"}],"wp:term":[{"taxonomy":"product_brand","embeddable":true,"href":"https:\/\/www.miravila.com\/hu\/wp-json\/wp\/v2\/product_brand?post=42307"},{"taxonomy":"product_cat","embeddable":true,"href":"https:\/\/www.miravila.com\/hu\/wp-json\/wp\/v2\/product_cat?post=42307"},{"taxonomy":"product_tag","embeddable":true,"href":"https:\/\/www.miravila.com\/hu\/wp-json\/wp\/v2\/product_tag?post=42307"}],"curies":[{"name":"wp","href":"https:\/\/api.w.org\/{rel}","templated":true}]}}