{"id":42303,"date":"2025-09-11T10:34:55","date_gmt":"2025-09-11T08:34:55","guid":{"rendered":"https:\/\/www.miravila.com\/product\/melona-l-31-d-13-cm-sarga\/"},"modified":"2025-09-11T16:36:01","modified_gmt":"2025-09-11T14:36:01","slug":"melona-l-31-d-13-cm-sarga","status":"publish","type":"product","link":"https:\/\/www.miravila.com\/hu\/termek\/melona-l-31-d-13-cm-sarga\/","title":{"rendered":"MELONA L-31, D-13 CM S\u00c1RGA"},"content":{"rendered":"<p>A m\u0171anyag dinnye nagy precizit\u00e1ssal k\u00e9sz\u00fclt, \u00e9s a val\u00f3di, friss dinnye megjelen\u00e9s\u00e9t ut\u00e1nozza. Jellegzetes ov\u00e1lis form\u00e1ja, s\u00e1rga h\u00e9ja finom cs\u00edkokkal \u00e9s realisztikus text\u00far\u00e1ja teljesen term\u00e9szetes hat\u00e1st kelt. Kiv\u00e1l\u00f3 dekorat\u00edv gy\u00fcm\u00f6lcs a konyh\u00e1ban, sz\u00e1llodai reggelikn\u00e9l, \u00e9ttermekben, boltvitrinben vagy mint kell\u00e9k \u00e9telfot\u00f3z\u00e1shoz.<\/p>\n<p>Min\u0151s\u00e9gi, tart\u00f3s anyagb\u00f3l k\u00e9sz\u00fclt, amely nem ig\u00e9nyel k\u00fcl\u00f6n\u00f6sebb karbantart\u00e1st, \u00e9s sok\u00e1ig meg\u0151rzi friss megjelen\u00e9s\u00e9t. Ez a m\u0171gy\u00fcm\u00f6lcs dekor\u00e1ci\u00f3ra praktikus megold\u00e1s mindazok sz\u00e1m\u00e1ra, akik term\u00e9szetes tr\u00f3pusi vagy ny\u00e1ri hangulatot szeretn\u00e9nek an\u00e9lk\u00fcl, hogy a val\u00f3di gy\u00fcm\u00f6lcs megromlana.<\/p>\n","protected":false},"excerpt":{"rendered":"<p>Mesters\u00e9ges dinnye \u2013 realistikus gy\u00fcm\u00f6lcsdekor\u00e1ci\u00f3 konyh\u00e1khoz, sz\u00e1llod\u00e1khoz, \u00e9ttermekhez \u00e9s boltki\u00e1ll\u00edt\u00e1sokhoz.<\/p>\n","protected":false},"featured_media":41437,"comment_status":"closed","ping_status":"open","template":"","meta":[],"product_brand":[],"product_cat":[5309,5308],"product_tag":[],"class_list":{"0":"post-42303","1":"product","2":"type-product","3":"status-publish","4":"has-post-thumbnail","6":"product_cat-gyumolcs-mesterseges-elelmiszer","7":"product_cat-mesterseges-elelmiszer","9":"first","10":"outofstock","11":"taxable","12":"shipping-taxable","13":"purchasable","14":"product-type-simple"},"_links":{"self":[{"href":"https:\/\/www.miravila.com\/hu\/wp-json\/wp\/v2\/product\/42303","targetHints":{"allow":["GET"]}}],"collection":[{"href":"https:\/\/www.miravila.com\/hu\/wp-json\/wp\/v2\/product"}],"about":[{"href":"https:\/\/www.miravila.com\/hu\/wp-json\/wp\/v2\/types\/product"}],"replies":[{"embeddable":true,"href":"https:\/\/www.miravila.com\/hu\/wp-json\/wp\/v2\/comments?post=42303"}],"wp:featuredmedia":[{"embeddable":true,"href":"https:\/\/www.miravila.com\/hu\/wp-json\/wp\/v2\/media\/41437"}],"wp:attachment":[{"href":"https:\/\/www.miravila.com\/hu\/wp-json\/wp\/v2\/media?parent=42303"}],"wp:term":[{"taxonomy":"product_brand","embeddable":true,"href":"https:\/\/www.miravila.com\/hu\/wp-json\/wp\/v2\/product_brand?post=42303"},{"taxonomy":"product_cat","embeddable":true,"href":"https:\/\/www.miravila.com\/hu\/wp-json\/wp\/v2\/product_cat?post=42303"},{"taxonomy":"product_tag","embeddable":true,"href":"https:\/\/www.miravila.com\/hu\/wp-json\/wp\/v2\/product_tag?post=42303"}],"curies":[{"name":"wp","href":"https:\/\/api.w.org\/{rel}","templated":true}]}}