{"id":42298,"date":"2025-09-11T10:34:55","date_gmt":"2025-09-11T08:34:55","guid":{"rendered":"https:\/\/www.miravila.com\/product\/limeta-llevel-10-cm-zold\/"},"modified":"2025-09-11T16:36:00","modified_gmt":"2025-09-11T14:36:00","slug":"limeta-llevel-10-cm-zold","status":"publish","type":"product","link":"https:\/\/www.miravila.com\/hu\/termek\/limeta-llevel-10-cm-zold\/","title":{"rendered":"LIMETA LLEVEL 10 CM Z\u00d6LD"},"content":{"rendered":"<p>Ez a m\u0171citrom levelekkel rendk\u00edv\u00fcl \u00e9leth\u0171 dekor\u00e1ci\u00f3, amely \u00e9l\u00e9nk s\u00e1rga-z\u00f6ld sz\u00edn\u00e9vel \u00e9s term\u00e9szetesen form\u00e1lt leveleivel a friss citrom kin\u00e9zet\u00e9t ut\u00e1nozza. A r\u00e9szletek, mint a durva fel\u00fclet \u00e9s a term\u00e9szetes sz\u00edn\u00e1tmenetek miatt ide\u00e1lis dekorat\u00edv gy\u00fcm\u00f6lcs a konyh\u00e1ban, \u00e9ttermekben, sz\u00e1llodai reggelikn\u00e9l, \u00fczletek kirakataiban vagy \u00e9telfot\u00f3z\u00e1sok sor\u00e1n.<\/p>\n<p>Magas min\u0151s\u00e9g\u0171, tart\u00f3s anyagb\u00f3l k\u00e9sz\u00fclt, amely nem ig\u00e9nyel karbantart\u00e1st, ugyanakkor hossz\u00fa ideig meg\u0151rzi friss megjelen\u00e9s\u00e9t. Ez a m\u0171gy\u00fcm\u00f6lcs dekor\u00e1ci\u00f3hoz kiv\u00e1l\u00f3 megold\u00e1s mindazok sz\u00e1m\u00e1ra, akik eszt\u00e9tikailag t\u00f6k\u00e9letes kompoz\u00edci\u00f3kat szeretn\u00e9nek val\u00f3di gy\u00fcm\u00f6lcs roml\u00e1sa n\u00e9lk\u00fcl.<\/p>\n","protected":false},"excerpt":{"rendered":"<p>M\u0171anyag citrom levelekkel \u2013 realistikus gy\u00fcm\u00f6lcsdekor\u00e1ci\u00f3 otthonokba, \u00e9ttermekbe, sz\u00e1llod\u00e1kba \u00e9s boltki\u00e1ll\u00edt\u00e1sokra.<\/p>\n","protected":false},"featured_media":41312,"comment_status":"closed","ping_status":"open","template":"","meta":[],"product_brand":[],"product_cat":[5309,5308],"product_tag":[],"class_list":{"0":"post-42298","1":"product","2":"type-product","3":"status-publish","4":"has-post-thumbnail","6":"product_cat-gyumolcs-mesterseges-elelmiszer","7":"product_cat-mesterseges-elelmiszer","9":"first","10":"instock","11":"taxable","12":"shipping-taxable","13":"purchasable","14":"product-type-simple"},"_links":{"self":[{"href":"https:\/\/www.miravila.com\/hu\/wp-json\/wp\/v2\/product\/42298","targetHints":{"allow":["GET"]}}],"collection":[{"href":"https:\/\/www.miravila.com\/hu\/wp-json\/wp\/v2\/product"}],"about":[{"href":"https:\/\/www.miravila.com\/hu\/wp-json\/wp\/v2\/types\/product"}],"replies":[{"embeddable":true,"href":"https:\/\/www.miravila.com\/hu\/wp-json\/wp\/v2\/comments?post=42298"}],"wp:featuredmedia":[{"embeddable":true,"href":"https:\/\/www.miravila.com\/hu\/wp-json\/wp\/v2\/media\/41312"}],"wp:attachment":[{"href":"https:\/\/www.miravila.com\/hu\/wp-json\/wp\/v2\/media?parent=42298"}],"wp:term":[{"taxonomy":"product_brand","embeddable":true,"href":"https:\/\/www.miravila.com\/hu\/wp-json\/wp\/v2\/product_brand?post=42298"},{"taxonomy":"product_cat","embeddable":true,"href":"https:\/\/www.miravila.com\/hu\/wp-json\/wp\/v2\/product_cat?post=42298"},{"taxonomy":"product_tag","embeddable":true,"href":"https:\/\/www.miravila.com\/hu\/wp-json\/wp\/v2\/product_tag?post=42298"}],"curies":[{"name":"wp","href":"https:\/\/api.w.org\/{rel}","templated":true}]}}