{"id":42296,"date":"2025-09-11T10:34:55","date_gmt":"2025-09-11T08:34:55","guid":{"rendered":"https:\/\/www.miravila.com\/product\/limone-light-5x7-szett-8-csomag-sarga\/"},"modified":"2025-09-11T16:35:59","modified_gmt":"2025-09-11T14:35:59","slug":"limone-light-5x7-szett-8-csomag-sarga","status":"publish","type":"product","link":"https:\/\/www.miravila.com\/hu\/termek\/limone-light-5x7-szett-8-csomag-sarga\/","title":{"rendered":"LIMONE LIGHT 5&#215;7 SZETT 8 CSOMAG S\u00c1RGA"},"content":{"rendered":"<p>A m\u0171gy\u00fcm\u00f6lcs csod\u00e1latos dekor\u00e1ci\u00f3, amely \u00e9l\u00e9nk s\u00e1rga sz\u00edn\u00e9vel \u00e9s \u00e9leth\u0171 text\u00far\u00e1j\u00e1val t\u00f6k\u00e9letesen ut\u00e1nozza az igazi gy\u00fcm\u00f6lcs\u00f6t. A prec\u00edzen megform\u00e1lt fel\u00fclete \u00e9s term\u00e9szetes megjelen\u00e9se miatt ide\u00e1lis dekorat\u00edv gy\u00fcm\u00f6lcs a konyh\u00e1ban, \u00e9ttermekben, sz\u00e1llodai reggelikn\u00e9l, bolt\u00edvekben vagy \u00e9telfot\u00f3z\u00e1sokn\u00e1l.<\/p>\n<p>Kiv\u00e1l\u00f3 min\u0151s\u00e9g\u0171 \u00e9s tart\u00f3s anyagb\u00f3l k\u00e9sz\u00fclt, amely nem ig\u00e9nyel k\u00fcl\u00f6n\u00f6sebb karbantart\u00e1st, \u00e9s sok\u00e1ig meg\u0151rzi friss megjelen\u00e9s\u00e9t. Ez a m\u0171gy\u00fcm\u00f6lcs dekor\u00e1ci\u00f3hoz remek megold\u00e1s, mivel eszt\u00e9tikailag kifinomult kompoz\u00edci\u00f3kat tesz lehet\u0151v\u00e9 an\u00e9lk\u00fcl, hogy az igazi gy\u00fcm\u00f6lcs romlana.<\/p>\n","protected":false},"excerpt":{"rendered":"<p>M\u0171anyag citrom \u2013 \u00e9leth\u0171 gy\u00fcm\u00f6lcsdekor\u00e1ci\u00f3 konyh\u00e1khoz, ki\u00e1ll\u00edt\u00e1sokhoz, \u00e9ttermekhez \u00e9s f\u00e9nyk\u00e9pes kompoz\u00edci\u00f3khoz.<\/p>\n","protected":false},"featured_media":41250,"comment_status":"closed","ping_status":"open","template":"","meta":[],"product_brand":[],"product_cat":[5309,5308],"product_tag":[],"class_list":{"0":"post-42296","1":"product","2":"type-product","3":"status-publish","4":"has-post-thumbnail","6":"product_cat-gyumolcs-mesterseges-elelmiszer","7":"product_cat-mesterseges-elelmiszer","9":"first","10":"instock","11":"taxable","12":"shipping-taxable","13":"purchasable","14":"product-type-simple"},"_links":{"self":[{"href":"https:\/\/www.miravila.com\/hu\/wp-json\/wp\/v2\/product\/42296","targetHints":{"allow":["GET"]}}],"collection":[{"href":"https:\/\/www.miravila.com\/hu\/wp-json\/wp\/v2\/product"}],"about":[{"href":"https:\/\/www.miravila.com\/hu\/wp-json\/wp\/v2\/types\/product"}],"replies":[{"embeddable":true,"href":"https:\/\/www.miravila.com\/hu\/wp-json\/wp\/v2\/comments?post=42296"}],"wp:featuredmedia":[{"embeddable":true,"href":"https:\/\/www.miravila.com\/hu\/wp-json\/wp\/v2\/media\/41250"}],"wp:attachment":[{"href":"https:\/\/www.miravila.com\/hu\/wp-json\/wp\/v2\/media?parent=42296"}],"wp:term":[{"taxonomy":"product_brand","embeddable":true,"href":"https:\/\/www.miravila.com\/hu\/wp-json\/wp\/v2\/product_brand?post=42296"},{"taxonomy":"product_cat","embeddable":true,"href":"https:\/\/www.miravila.com\/hu\/wp-json\/wp\/v2\/product_cat?post=42296"},{"taxonomy":"product_tag","embeddable":true,"href":"https:\/\/www.miravila.com\/hu\/wp-json\/wp\/v2\/product_tag?post=42296"}],"curies":[{"name":"wp","href":"https:\/\/api.w.org\/{rel}","templated":true}]}}