{"id":39230,"date":"2024-11-11T16:40:37","date_gmt":"2024-11-12T09:50:16","guid":{"rendered":"https:\/\/www.miravila.com\/product\/kor-uveg-nobilta-d-10-cm-sotetarany\/"},"modified":"2024-11-13T08:38:18","modified_gmt":"2024-11-13T07:38:18","slug":"kor-uveg-nobilta-d-10-cm-sotetarany","status":"publish","type":"product","link":"https:\/\/www.miravila.com\/hu\/termek\/kor-uveg-nobilta-d-10-cm-sotetarany\/","title":{"rendered":"K\u00f6r \u00fcveg nobilta d-10 cm s\u00f6t\u00e9tarany"},"content":{"rendered":"","protected":false},"excerpt":{"rendered":"<p>\u00daj\u00e9vi d\u00edsz K\u00d6R LABDA \u00dcVEG NOBILTA D-10 CM S\u00d6T\u00c9T ARANY<\/p>\n","protected":false},"featured_media":36856,"comment_status":"closed","ping_status":"open","template":"","meta":[],"product_brand":[],"product_cat":[2034,3678],"product_tag":[5068,5072,5077],"class_list":{"0":"post-39230","1":"product","2":"type-product","3":"status-publish","4":"has-post-thumbnail","6":"product_cat-karacsony","7":"product_cat-ujevi-diszek","8":"product_tag-a-kiralyi-palota-gyujtemenye","9":"product_tag-adventi-puncs-kollekcio","10":"product_tag-hollywood-glamour-kollekcio","11":"pa_barva-arany","12":"pa_velikost-10-hu","13":"pa_velikost-12-hu","15":"first","16":"outofstock","17":"taxable","18":"shipping-taxable","19":"product-type-variable","20":"has-default-attributes"},"_links":{"self":[{"href":"https:\/\/www.miravila.com\/hu\/wp-json\/wp\/v2\/product\/39230","targetHints":{"allow":["GET"]}}],"collection":[{"href":"https:\/\/www.miravila.com\/hu\/wp-json\/wp\/v2\/product"}],"about":[{"href":"https:\/\/www.miravila.com\/hu\/wp-json\/wp\/v2\/types\/product"}],"replies":[{"embeddable":true,"href":"https:\/\/www.miravila.com\/hu\/wp-json\/wp\/v2\/comments?post=39230"}],"wp:featuredmedia":[{"embeddable":true,"href":"https:\/\/www.miravila.com\/hu\/wp-json\/wp\/v2\/media\/36856"}],"wp:attachment":[{"href":"https:\/\/www.miravila.com\/hu\/wp-json\/wp\/v2\/media?parent=39230"}],"wp:term":[{"taxonomy":"product_brand","embeddable":true,"href":"https:\/\/www.miravila.com\/hu\/wp-json\/wp\/v2\/product_brand?post=39230"},{"taxonomy":"product_cat","embeddable":true,"href":"https:\/\/www.miravila.com\/hu\/wp-json\/wp\/v2\/product_cat?post=39230"},{"taxonomy":"product_tag","embeddable":true,"href":"https:\/\/www.miravila.com\/hu\/wp-json\/wp\/v2\/product_tag?post=39230"}],"curies":[{"name":"wp","href":"https:\/\/api.w.org\/{rel}","templated":true}]}}