{"id":39220,"date":"2024-11-11T16:40:17","date_gmt":"2024-11-12T09:50:16","guid":{"rendered":"https:\/\/www.miravila.com\/product\/kor-poli-glitter-pvc-d-6-cm-set-9-arany\/"},"modified":"2024-11-13T08:38:41","modified_gmt":"2024-11-13T07:38:41","slug":"kor-poli-glitter-pvc-d-6-cm-set-9-arany","status":"publish","type":"product","link":"https:\/\/www.miravila.com\/hu\/termek\/kor-poli-glitter-pvc-d-6-cm-set-9-arany\/","title":{"rendered":"K\u00f6r poli glitter pvc d-6 cm\/set 9 arany"},"content":{"rendered":"","protected":false},"excerpt":{"rendered":"<p>\u00daj\u00e9vi d\u00edsz K\u00d6RBALL POLY GLITTER PVC D-6 CM\/9 DB ARANY<\/p>\n","protected":false},"featured_media":36822,"comment_status":"closed","ping_status":"open","template":"","meta":[],"product_brand":[],"product_cat":[2034,3678],"product_tag":[5068,5066,5072,5070,5077,5075],"class_list":{"0":"post-39220","1":"product","2":"type-product","3":"status-publish","4":"has-post-thumbnail","6":"product_cat-karacsony","7":"product_cat-ujevi-diszek","8":"product_tag-a-kiralyi-palota-gyujtemenye","9":"product_tag-a-polar-night-kollekcio","10":"product_tag-adventi-puncs-kollekcio","11":"product_tag-green-elegance-kollekcio","12":"product_tag-hollywood-glamour-kollekcio","13":"product_tag-karacsonyi-otthoni-kollekcio","14":"pa_barva-arany","15":"pa_velikost-6-cm-hu","17":"first","18":"instock","19":"taxable","20":"shipping-taxable","21":"purchasable","22":"product-type-simple"},"_links":{"self":[{"href":"https:\/\/www.miravila.com\/hu\/wp-json\/wp\/v2\/product\/39220","targetHints":{"allow":["GET"]}}],"collection":[{"href":"https:\/\/www.miravila.com\/hu\/wp-json\/wp\/v2\/product"}],"about":[{"href":"https:\/\/www.miravila.com\/hu\/wp-json\/wp\/v2\/types\/product"}],"replies":[{"embeddable":true,"href":"https:\/\/www.miravila.com\/hu\/wp-json\/wp\/v2\/comments?post=39220"}],"wp:featuredmedia":[{"embeddable":true,"href":"https:\/\/www.miravila.com\/hu\/wp-json\/wp\/v2\/media\/36822"}],"wp:attachment":[{"href":"https:\/\/www.miravila.com\/hu\/wp-json\/wp\/v2\/media?parent=39220"}],"wp:term":[{"taxonomy":"product_brand","embeddable":true,"href":"https:\/\/www.miravila.com\/hu\/wp-json\/wp\/v2\/product_brand?post=39220"},{"taxonomy":"product_cat","embeddable":true,"href":"https:\/\/www.miravila.com\/hu\/wp-json\/wp\/v2\/product_cat?post=39220"},{"taxonomy":"product_tag","embeddable":true,"href":"https:\/\/www.miravila.com\/hu\/wp-json\/wp\/v2\/product_tag?post=39220"}],"curies":[{"name":"wp","href":"https:\/\/api.w.org\/{rel}","templated":true}]}}