{"id":39218,"date":"2024-11-11T16:39:48","date_gmt":"2024-11-12T09:49:50","guid":{"rendered":"https:\/\/www.miravila.com\/product\/koromlakk-poli-csillam\/"},"modified":"2024-11-13T08:38:46","modified_gmt":"2024-11-13T07:38:46","slug":"koromlakk-poli-csillam","status":"publish","type":"product","link":"https:\/\/www.miravila.com\/hu\/termek\/koromlakk-poli-csillam\/","title":{"rendered":"K\u00f6r\u00f6mlakk poli csill\u00e1m"},"content":{"rendered":"","protected":false},"excerpt":{"rendered":"<p>\u00daj\u00e9vi d\u00edsz K\u00c9K GLITTER G\u00d6MB D-20 CM X 1<\/p>\n","protected":false},"featured_media":36808,"comment_status":"closed","ping_status":"open","template":"","meta":[],"product_brand":[],"product_cat":[2034,3678],"product_tag":[5068,5070,5077],"class_list":{"0":"post-39218","1":"product","2":"type-product","3":"status-publish","4":"has-post-thumbnail","6":"product_cat-karacsony","7":"product_cat-ujevi-diszek","8":"product_tag-a-kiralyi-palota-gyujtemenye","9":"product_tag-green-elegance-kollekcio","10":"product_tag-hollywood-glamour-kollekcio","11":"pa_barva-arany","12":"pa_velikost-15-hu","13":"pa_velikost-20-hu","15":"first","16":"outofstock","17":"taxable","18":"shipping-taxable","19":"product-type-variable","20":"has-default-attributes"},"_links":{"self":[{"href":"https:\/\/www.miravila.com\/hu\/wp-json\/wp\/v2\/product\/39218","targetHints":{"allow":["GET"]}}],"collection":[{"href":"https:\/\/www.miravila.com\/hu\/wp-json\/wp\/v2\/product"}],"about":[{"href":"https:\/\/www.miravila.com\/hu\/wp-json\/wp\/v2\/types\/product"}],"replies":[{"embeddable":true,"href":"https:\/\/www.miravila.com\/hu\/wp-json\/wp\/v2\/comments?post=39218"}],"wp:featuredmedia":[{"embeddable":true,"href":"https:\/\/www.miravila.com\/hu\/wp-json\/wp\/v2\/media\/36808"}],"wp:attachment":[{"href":"https:\/\/www.miravila.com\/hu\/wp-json\/wp\/v2\/media?parent=39218"}],"wp:term":[{"taxonomy":"product_brand","embeddable":true,"href":"https:\/\/www.miravila.com\/hu\/wp-json\/wp\/v2\/product_brand?post=39218"},{"taxonomy":"product_cat","embeddable":true,"href":"https:\/\/www.miravila.com\/hu\/wp-json\/wp\/v2\/product_cat?post=39218"},{"taxonomy":"product_tag","embeddable":true,"href":"https:\/\/www.miravila.com\/hu\/wp-json\/wp\/v2\/product_tag?post=39218"}],"curies":[{"name":"wp","href":"https:\/\/api.w.org\/{rel}","templated":true}]}}