{"id":39185,"date":"2024-11-11T16:32:48","date_gmt":"2024-11-12T09:49:32","guid":{"rendered":"https:\/\/www.miravila.com\/product\/korte-fuso-uveg-arany-h-175-cm-x-1\/"},"modified":"2024-11-13T08:40:39","modified_gmt":"2024-11-13T07:40:39","slug":"korte-fuso-uveg-arany-h-175-cm-x-1","status":"publish","type":"product","link":"https:\/\/www.miravila.com\/hu\/termek\/korte-fuso-uveg-arany-h-175-cm-x-1\/","title":{"rendered":"K\u00f6rte-Fuso \u00fcveg arany h-17,5 cm x 1"},"content":{"rendered":"","protected":false},"excerpt":{"rendered":"<p>\u00daj\u00e9vi d\u00edsz aranysz\u00ednben ez\u00fcst gy\u00e9m\u00e1ntszeg\u00e9llyel.<\/p>\n","protected":false},"featured_media":36086,"comment_status":"closed","ping_status":"open","template":"","meta":[],"product_brand":[],"product_cat":[2034,3678],"product_tag":[5068,5070,5077,5075],"class_list":{"0":"post-39185","1":"product","2":"type-product","3":"status-publish","4":"has-post-thumbnail","6":"product_cat-karacsony","7":"product_cat-ujevi-diszek","8":"product_tag-a-kiralyi-palota-gyujtemenye","9":"product_tag-green-elegance-kollekcio","10":"product_tag-hollywood-glamour-kollekcio","11":"product_tag-karacsonyi-otthoni-kollekcio","12":"pa_barva-arany","13":"pa_velikost-17-hu","15":"first","16":"instock","17":"taxable","18":"shipping-taxable","19":"purchasable","20":"product-type-simple"},"_links":{"self":[{"href":"https:\/\/www.miravila.com\/hu\/wp-json\/wp\/v2\/product\/39185","targetHints":{"allow":["GET"]}}],"collection":[{"href":"https:\/\/www.miravila.com\/hu\/wp-json\/wp\/v2\/product"}],"about":[{"href":"https:\/\/www.miravila.com\/hu\/wp-json\/wp\/v2\/types\/product"}],"replies":[{"embeddable":true,"href":"https:\/\/www.miravila.com\/hu\/wp-json\/wp\/v2\/comments?post=39185"}],"wp:featuredmedia":[{"embeddable":true,"href":"https:\/\/www.miravila.com\/hu\/wp-json\/wp\/v2\/media\/36086"}],"wp:attachment":[{"href":"https:\/\/www.miravila.com\/hu\/wp-json\/wp\/v2\/media?parent=39185"}],"wp:term":[{"taxonomy":"product_brand","embeddable":true,"href":"https:\/\/www.miravila.com\/hu\/wp-json\/wp\/v2\/product_brand?post=39185"},{"taxonomy":"product_cat","embeddable":true,"href":"https:\/\/www.miravila.com\/hu\/wp-json\/wp\/v2\/product_cat?post=39185"},{"taxonomy":"product_tag","embeddable":true,"href":"https:\/\/www.miravila.com\/hu\/wp-json\/wp\/v2\/product_tag?post=39185"}],"curies":[{"name":"wp","href":"https:\/\/api.w.org\/{rel}","templated":true}]}}