{"id":39183,"date":"2024-11-11T16:32:18","date_gmt":"2024-11-12T09:49:32","guid":{"rendered":"https:\/\/www.miravila.com\/product\/gomb-trukk-uveg-goldy-arany-d-10-cm-x-1\/"},"modified":"2024-11-13T08:40:48","modified_gmt":"2024-11-13T07:40:48","slug":"gomb-trukk-uveg-goldy-arany-d-10-cm-x-1","status":"publish","type":"product","link":"https:\/\/www.miravila.com\/hu\/termek\/gomb-trukk-uveg-goldy-arany-d-10-cm-x-1\/","title":{"rendered":"G\u00f6mb tr\u00fckk \u00fcveg goldy arany d-10 cm x 1"},"content":{"rendered":"","protected":false},"excerpt":{"rendered":"<p>\u00daj\u00e9vi d\u00edsz arany sz\u00ednben.<\/p>\n","protected":false},"featured_media":24491,"comment_status":"closed","ping_status":"open","template":"","meta":[],"product_brand":[],"product_cat":[2034,3678],"product_tag":[],"class_list":{"0":"post-39183","1":"product","2":"type-product","3":"status-publish","4":"has-post-thumbnail","6":"product_cat-karacsony","7":"product_cat-ujevi-diszek","8":"pa_barva-arany","9":"pa_premer-10-hu","10":"pa_velikost-10-hu","12":"first","13":"outofstock","14":"taxable","15":"shipping-taxable","16":"purchasable","17":"product-type-simple"},"_links":{"self":[{"href":"https:\/\/www.miravila.com\/hu\/wp-json\/wp\/v2\/product\/39183","targetHints":{"allow":["GET"]}}],"collection":[{"href":"https:\/\/www.miravila.com\/hu\/wp-json\/wp\/v2\/product"}],"about":[{"href":"https:\/\/www.miravila.com\/hu\/wp-json\/wp\/v2\/types\/product"}],"replies":[{"embeddable":true,"href":"https:\/\/www.miravila.com\/hu\/wp-json\/wp\/v2\/comments?post=39183"}],"wp:featuredmedia":[{"embeddable":true,"href":"https:\/\/www.miravila.com\/hu\/wp-json\/wp\/v2\/media\/24491"}],"wp:attachment":[{"href":"https:\/\/www.miravila.com\/hu\/wp-json\/wp\/v2\/media?parent=39183"}],"wp:term":[{"taxonomy":"product_brand","embeddable":true,"href":"https:\/\/www.miravila.com\/hu\/wp-json\/wp\/v2\/product_brand?post=39183"},{"taxonomy":"product_cat","embeddable":true,"href":"https:\/\/www.miravila.com\/hu\/wp-json\/wp\/v2\/product_cat?post=39183"},{"taxonomy":"product_tag","embeddable":true,"href":"https:\/\/www.miravila.com\/hu\/wp-json\/wp\/v2\/product_tag?post=39183"}],"curies":[{"name":"wp","href":"https:\/\/api.w.org\/{rel}","templated":true}]}}