{"id":39176,"date":"2024-11-11T16:32:18","date_gmt":"2024-11-12T09:49:15","guid":{"rendered":"https:\/\/www.miravila.com\/product\/csucs-uveg-golyo-x-1-h-31-cm-arany\/"},"modified":"2024-11-13T08:40:46","modified_gmt":"2024-11-13T07:40:46","slug":"csucs-uveg-golyo-x-1-h-31-cm-arany","status":"publish","type":"product","link":"https:\/\/www.miravila.com\/hu\/termek\/csucs-uveg-golyo-x-1-h-31-cm-arany\/","title":{"rendered":"Cs\u00facs \u00fcveg goly\u00f3 x 1 h-31 cm arany"},"content":{"rendered":"","protected":false},"excerpt":{"rendered":"","protected":false},"featured_media":25729,"comment_status":"closed","ping_status":"open","template":"","meta":[],"product_brand":[],"product_cat":[5027,2034,3678],"product_tag":[5068,5076,5070,5077,5075],"class_list":{"0":"post-39176","1":"product","2":"type-product","3":"status-publish","4":"has-post-thumbnail","6":"product_cat-csucsdisz","7":"product_cat-karacsony","8":"product_cat-ujevi-diszek","9":"product_tag-a-kiralyi-palota-gyujtemenye","10":"product_tag-fekete-elegancia-kollekcio","11":"product_tag-green-elegance-kollekcio","12":"product_tag-hollywood-glamour-kollekcio","13":"product_tag-karacsonyi-otthoni-kollekcio","14":"pa_barva-arany","15":"pa_velikost-31-cm-hu","17":"first","18":"instock","19":"taxable","20":"shipping-taxable","21":"purchasable","22":"product-type-simple"},"_links":{"self":[{"href":"https:\/\/www.miravila.com\/hu\/wp-json\/wp\/v2\/product\/39176","targetHints":{"allow":["GET"]}}],"collection":[{"href":"https:\/\/www.miravila.com\/hu\/wp-json\/wp\/v2\/product"}],"about":[{"href":"https:\/\/www.miravila.com\/hu\/wp-json\/wp\/v2\/types\/product"}],"replies":[{"embeddable":true,"href":"https:\/\/www.miravila.com\/hu\/wp-json\/wp\/v2\/comments?post=39176"}],"wp:featuredmedia":[{"embeddable":true,"href":"https:\/\/www.miravila.com\/hu\/wp-json\/wp\/v2\/media\/25729"}],"wp:attachment":[{"href":"https:\/\/www.miravila.com\/hu\/wp-json\/wp\/v2\/media?parent=39176"}],"wp:term":[{"taxonomy":"product_brand","embeddable":true,"href":"https:\/\/www.miravila.com\/hu\/wp-json\/wp\/v2\/product_brand?post=39176"},{"taxonomy":"product_cat","embeddable":true,"href":"https:\/\/www.miravila.com\/hu\/wp-json\/wp\/v2\/product_cat?post=39176"},{"taxonomy":"product_tag","embeddable":true,"href":"https:\/\/www.miravila.com\/hu\/wp-json\/wp\/v2\/product_tag?post=39176"}],"curies":[{"name":"wp","href":"https:\/\/api.w.org\/{rel}","templated":true}]}}