{"id":39174,"date":"2024-11-11T16:32:18","date_gmt":"2024-11-12T09:49:15","guid":{"rendered":"https:\/\/www.miravila.com\/product\/kor-uveg-mehek-d-12-cm-arany\/"},"modified":"2024-11-13T08:40:45","modified_gmt":"2024-11-13T07:40:45","slug":"kor-uveg-mehek-d-12-cm-arany","status":"publish","type":"product","link":"https:\/\/www.miravila.com\/hu\/termek\/kor-uveg-mehek-d-12-cm-arany\/","title":{"rendered":"K\u00f6r \u00fcveg M\u00e9hek d-12 cm arany"},"content":{"rendered":"","protected":false},"excerpt":{"rendered":"","protected":false},"featured_media":25529,"comment_status":"closed","ping_status":"open","template":"","meta":[],"product_brand":[],"product_cat":[2034,3678],"product_tag":[],"class_list":{"0":"post-39174","1":"product","2":"type-product","3":"status-publish","4":"has-post-thumbnail","6":"product_cat-karacsony","7":"product_cat-ujevi-diszek","8":"pa_barva-arany","9":"pa_premer-12-hu","10":"pa_velikost-12-hu","12":"first","13":"outofstock","14":"taxable","15":"shipping-taxable","16":"purchasable","17":"product-type-simple"},"_links":{"self":[{"href":"https:\/\/www.miravila.com\/hu\/wp-json\/wp\/v2\/product\/39174","targetHints":{"allow":["GET"]}}],"collection":[{"href":"https:\/\/www.miravila.com\/hu\/wp-json\/wp\/v2\/product"}],"about":[{"href":"https:\/\/www.miravila.com\/hu\/wp-json\/wp\/v2\/types\/product"}],"replies":[{"embeddable":true,"href":"https:\/\/www.miravila.com\/hu\/wp-json\/wp\/v2\/comments?post=39174"}],"wp:featuredmedia":[{"embeddable":true,"href":"https:\/\/www.miravila.com\/hu\/wp-json\/wp\/v2\/media\/25529"}],"wp:attachment":[{"href":"https:\/\/www.miravila.com\/hu\/wp-json\/wp\/v2\/media?parent=39174"}],"wp:term":[{"taxonomy":"product_brand","embeddable":true,"href":"https:\/\/www.miravila.com\/hu\/wp-json\/wp\/v2\/product_brand?post=39174"},{"taxonomy":"product_cat","embeddable":true,"href":"https:\/\/www.miravila.com\/hu\/wp-json\/wp\/v2\/product_cat?post=39174"},{"taxonomy":"product_tag","embeddable":true,"href":"https:\/\/www.miravila.com\/hu\/wp-json\/wp\/v2\/product_tag?post=39174"}],"curies":[{"name":"wp","href":"https:\/\/api.w.org\/{rel}","templated":true}]}}