{"id":39154,"date":"2024-11-11T16:31:16","date_gmt":"2024-11-12T09:48:57","guid":{"rendered":"https:\/\/www.miravila.com\/product\/arany-porral-bevont-10-cm-es-uveg-gomb\/"},"modified":"2024-11-13T08:41:16","modified_gmt":"2024-11-13T07:41:16","slug":"arany-porral-bevont-10-cm-es-uveg-gomb","status":"publish","type":"product","link":"https:\/\/www.miravila.com\/hu\/termek\/arany-porral-bevont-10-cm-es-uveg-gomb\/","title":{"rendered":"Arany porral bevont 10 cm-es \u00fcveg g\u00f6mb"},"content":{"rendered":"","protected":false},"excerpt":{"rendered":"<p>\u00daj\u00e9vi d\u00edsz arany sz\u00ednben arany csillog\u00f3 sz\u00f3r\u00e1ssal.<\/p>\n","protected":false},"featured_media":24655,"comment_status":"closed","ping_status":"open","template":"","meta":[],"product_brand":[],"product_cat":[2034,3678],"product_tag":[5068,5070,5077],"class_list":{"0":"post-39154","1":"product","2":"type-product","3":"status-publish","4":"has-post-thumbnail","6":"product_cat-karacsony","7":"product_cat-ujevi-diszek","8":"product_tag-a-kiralyi-palota-gyujtemenye","9":"product_tag-green-elegance-kollekcio","10":"product_tag-hollywood-glamour-kollekcio","11":"pa_barva-arany","12":"pa_premer-10-hu","13":"pa_velikost-10-hu","15":"first","16":"instock","17":"taxable","18":"shipping-taxable","19":"purchasable","20":"product-type-simple"},"_links":{"self":[{"href":"https:\/\/www.miravila.com\/hu\/wp-json\/wp\/v2\/product\/39154","targetHints":{"allow":["GET"]}}],"collection":[{"href":"https:\/\/www.miravila.com\/hu\/wp-json\/wp\/v2\/product"}],"about":[{"href":"https:\/\/www.miravila.com\/hu\/wp-json\/wp\/v2\/types\/product"}],"replies":[{"embeddable":true,"href":"https:\/\/www.miravila.com\/hu\/wp-json\/wp\/v2\/comments?post=39154"}],"wp:featuredmedia":[{"embeddable":true,"href":"https:\/\/www.miravila.com\/hu\/wp-json\/wp\/v2\/media\/24655"}],"wp:attachment":[{"href":"https:\/\/www.miravila.com\/hu\/wp-json\/wp\/v2\/media?parent=39154"}],"wp:term":[{"taxonomy":"product_brand","embeddable":true,"href":"https:\/\/www.miravila.com\/hu\/wp-json\/wp\/v2\/product_brand?post=39154"},{"taxonomy":"product_cat","embeddable":true,"href":"https:\/\/www.miravila.com\/hu\/wp-json\/wp\/v2\/product_cat?post=39154"},{"taxonomy":"product_tag","embeddable":true,"href":"https:\/\/www.miravila.com\/hu\/wp-json\/wp\/v2\/product_tag?post=39154"}],"curies":[{"name":"wp","href":"https:\/\/api.w.org\/{rel}","templated":true}]}}