{"id":39153,"date":"2024-11-11T16:31:16","date_gmt":"2024-11-12T09:48:57","guid":{"rendered":"https:\/\/www.miravila.com\/product\/gomb-uveg-ekszer-csikos-d-10-cm-x-1-doboz\/"},"modified":"2024-11-13T08:41:16","modified_gmt":"2024-11-13T07:41:16","slug":"gomb-uveg-ekszer-csikos-d-10-cm-x-1-doboz","status":"publish","type":"product","link":"https:\/\/www.miravila.com\/hu\/termek\/gomb-uveg-ekszer-csikos-d-10-cm-x-1-doboz\/","title":{"rendered":"G\u00f6mb \u00fcveg \u00e9kszer cs\u00edkos d-10 cm x 1 doboz"},"content":{"rendered":"","protected":false},"excerpt":{"rendered":"<p>\u00daj\u00e9vi d\u00edsz, r\u00e9z-arany sz\u00ednben, krist\u00e1lyos ornamentummal, dobozban, 6 darab.<\/p>\n","protected":false},"featured_media":24385,"comment_status":"closed","ping_status":"open","template":"","meta":[],"product_brand":[],"product_cat":[2034,3678],"product_tag":[5068,5076,5070,5077,5075],"class_list":{"0":"post-39153","1":"product","2":"type-product","3":"status-publish","4":"has-post-thumbnail","6":"product_cat-karacsony","7":"product_cat-ujevi-diszek","8":"product_tag-a-kiralyi-palota-gyujtemenye","9":"product_tag-fekete-elegancia-kollekcio","10":"product_tag-green-elegance-kollekcio","11":"product_tag-hollywood-glamour-kollekcio","12":"product_tag-karacsonyi-otthoni-kollekcio","13":"pa_barva-arany","14":"pa_premer-10-hu","15":"pa_velikost-10-hu","17":"first","18":"instock","19":"taxable","20":"shipping-taxable","21":"purchasable","22":"product-type-simple"},"_links":{"self":[{"href":"https:\/\/www.miravila.com\/hu\/wp-json\/wp\/v2\/product\/39153","targetHints":{"allow":["GET"]}}],"collection":[{"href":"https:\/\/www.miravila.com\/hu\/wp-json\/wp\/v2\/product"}],"about":[{"href":"https:\/\/www.miravila.com\/hu\/wp-json\/wp\/v2\/types\/product"}],"replies":[{"embeddable":true,"href":"https:\/\/www.miravila.com\/hu\/wp-json\/wp\/v2\/comments?post=39153"}],"wp:featuredmedia":[{"embeddable":true,"href":"https:\/\/www.miravila.com\/hu\/wp-json\/wp\/v2\/media\/24385"}],"wp:attachment":[{"href":"https:\/\/www.miravila.com\/hu\/wp-json\/wp\/v2\/media?parent=39153"}],"wp:term":[{"taxonomy":"product_brand","embeddable":true,"href":"https:\/\/www.miravila.com\/hu\/wp-json\/wp\/v2\/product_brand?post=39153"},{"taxonomy":"product_cat","embeddable":true,"href":"https:\/\/www.miravila.com\/hu\/wp-json\/wp\/v2\/product_cat?post=39153"},{"taxonomy":"product_tag","embeddable":true,"href":"https:\/\/www.miravila.com\/hu\/wp-json\/wp\/v2\/product_tag?post=39153"}],"curies":[{"name":"wp","href":"https:\/\/api.w.org\/{rel}","templated":true}]}}