{"id":39151,"date":"2024-11-11T16:33:17","date_gmt":"2024-11-12T09:48:57","guid":{"rendered":"https:\/\/www.miravila.com\/product\/kor-uveg-gemme-d-12-cm-zold-arany\/"},"modified":"2024-11-13T08:40:33","modified_gmt":"2024-11-13T07:40:33","slug":"kor-uveg-gemme-d-12-cm-zold-arany","status":"publish","type":"product","link":"https:\/\/www.miravila.com\/hu\/termek\/kor-uveg-gemme-d-12-cm-zold-arany\/","title":{"rendered":"K\u00f6r \u00fcveg gemme d-12 cm\/z\u00f6ld-arany"},"content":{"rendered":"","protected":false},"excerpt":{"rendered":"<p>\u00daj\u00e9vi d\u00edsz z\u00f6ld sz\u00ednben arany csillagokkal \u00e9s gy\u00e9m\u00e1ntokkal.<\/p>\n","protected":false},"featured_media":24823,"comment_status":"closed","ping_status":"open","template":"","meta":[],"product_brand":[],"product_cat":[2034,3678],"product_tag":[],"class_list":{"0":"post-39151","1":"product","2":"type-product","3":"status-publish","4":"has-post-thumbnail","6":"product_cat-karacsony","7":"product_cat-ujevi-diszek","8":"pa_barva-arany","9":"pa_barva-zold","10":"pa_premer-12-hu","11":"pa_velikost-12-hu","13":"first","14":"outofstock","15":"taxable","16":"shipping-taxable","17":"purchasable","18":"product-type-simple"},"_links":{"self":[{"href":"https:\/\/www.miravila.com\/hu\/wp-json\/wp\/v2\/product\/39151","targetHints":{"allow":["GET"]}}],"collection":[{"href":"https:\/\/www.miravila.com\/hu\/wp-json\/wp\/v2\/product"}],"about":[{"href":"https:\/\/www.miravila.com\/hu\/wp-json\/wp\/v2\/types\/product"}],"replies":[{"embeddable":true,"href":"https:\/\/www.miravila.com\/hu\/wp-json\/wp\/v2\/comments?post=39151"}],"wp:featuredmedia":[{"embeddable":true,"href":"https:\/\/www.miravila.com\/hu\/wp-json\/wp\/v2\/media\/24823"}],"wp:attachment":[{"href":"https:\/\/www.miravila.com\/hu\/wp-json\/wp\/v2\/media?parent=39151"}],"wp:term":[{"taxonomy":"product_brand","embeddable":true,"href":"https:\/\/www.miravila.com\/hu\/wp-json\/wp\/v2\/product_brand?post=39151"},{"taxonomy":"product_cat","embeddable":true,"href":"https:\/\/www.miravila.com\/hu\/wp-json\/wp\/v2\/product_cat?post=39151"},{"taxonomy":"product_tag","embeddable":true,"href":"https:\/\/www.miravila.com\/hu\/wp-json\/wp\/v2\/product_tag?post=39151"}],"curies":[{"name":"wp","href":"https:\/\/api.w.org\/{rel}","templated":true}]}}