{"id":39130,"date":"2024-11-11T16:40:37","date_gmt":"2024-11-12T09:48:40","guid":{"rendered":"https:\/\/www.miravila.com\/product\/kor-alaku-pvc-szolo-keszlet-10-vilagos-zold\/"},"modified":"2024-11-13T08:38:16","modified_gmt":"2024-11-13T07:38:16","slug":"kor-alaku-pvc-szolo-keszlet-10-vilagos-zold","status":"publish","type":"product","link":"https:\/\/www.miravila.com\/hu\/termek\/kor-alaku-pvc-szolo-keszlet-10-vilagos-zold\/","title":{"rendered":"K\u00f6r alak\u00fa PVC sz\u0151l\u0151 k\u00e9szlet 10 vil\u00e1gos z\u00f6ld"},"content":{"rendered":"","protected":false},"excerpt":{"rendered":"<p>\u00daj\u00e9vi d\u00edsz K\u00d6R\u00d6K PVC SZ\u0150L\u0150 SZETT 10 F\u00c9NYES Z\u00d6LD<\/p>\n","protected":false},"featured_media":25711,"comment_status":"closed","ping_status":"open","template":"","meta":[],"product_brand":[],"product_cat":[2034,3678],"product_tag":[5073,5070],"class_list":{"0":"post-39130","1":"product","2":"type-product","3":"status-publish","4":"has-post-thumbnail","6":"product_cat-karacsony","7":"product_cat-ujevi-diszek","8":"product_tag-adventi-frissesseg-kollekcio","9":"product_tag-green-elegance-kollekcio","10":"pa_barva-zold","11":"pa_velikost-30-hu","13":"first","14":"instock","15":"taxable","16":"shipping-taxable","17":"purchasable","18":"product-type-simple"},"_links":{"self":[{"href":"https:\/\/www.miravila.com\/hu\/wp-json\/wp\/v2\/product\/39130","targetHints":{"allow":["GET"]}}],"collection":[{"href":"https:\/\/www.miravila.com\/hu\/wp-json\/wp\/v2\/product"}],"about":[{"href":"https:\/\/www.miravila.com\/hu\/wp-json\/wp\/v2\/types\/product"}],"replies":[{"embeddable":true,"href":"https:\/\/www.miravila.com\/hu\/wp-json\/wp\/v2\/comments?post=39130"}],"wp:featuredmedia":[{"embeddable":true,"href":"https:\/\/www.miravila.com\/hu\/wp-json\/wp\/v2\/media\/25711"}],"wp:attachment":[{"href":"https:\/\/www.miravila.com\/hu\/wp-json\/wp\/v2\/media?parent=39130"}],"wp:term":[{"taxonomy":"product_brand","embeddable":true,"href":"https:\/\/www.miravila.com\/hu\/wp-json\/wp\/v2\/product_brand?post=39130"},{"taxonomy":"product_cat","embeddable":true,"href":"https:\/\/www.miravila.com\/hu\/wp-json\/wp\/v2\/product_cat?post=39130"},{"taxonomy":"product_tag","embeddable":true,"href":"https:\/\/www.miravila.com\/hu\/wp-json\/wp\/v2\/product_tag?post=39130"}],"curies":[{"name":"wp","href":"https:\/\/api.w.org\/{rel}","templated":true}]}}