{"id":39116,"date":"2024-11-11T16:34:36","date_gmt":"2024-11-12T09:48:17","guid":{"rendered":"https:\/\/www.miravila.com\/product\/kor-toto-rige-10-cm-atlatszo-szurke\/"},"modified":"2024-11-13T08:39:59","modified_gmt":"2024-11-13T07:39:59","slug":"kor-toto-rige-10-cm-atlatszo-szurke","status":"publish","type":"product","link":"https:\/\/www.miravila.com\/hu\/termek\/kor-toto-rige-10-cm-atlatszo-szurke\/","title":{"rendered":"K\u00f6r-Tot\u00f3 rige 10 cm \u00e1tl\u00e1tsz\u00f3-Sz\u00fcrke"},"content":{"rendered":"","protected":false},"excerpt":{"rendered":"<p>\u00daj\u00e9vi d\u00edsz \u00e1ttetsz\u0151 megjelen\u00e9ssel, csillog\u00f3 sz\u00f3r\u00e1ssal.<\/p>\n","protected":false},"featured_media":24515,"comment_status":"closed","ping_status":"open","template":"","meta":[],"product_brand":[],"product_cat":[2034,3678],"product_tag":[],"class_list":{"0":"post-39116","1":"product","2":"type-product","3":"status-publish","4":"has-post-thumbnail","6":"product_cat-karacsony","7":"product_cat-ujevi-diszek","8":"pa_barva-atlatszo","9":"pa_barva-szurke","10":"pa_velikost-10-hu","12":"first","13":"outofstock","14":"taxable","15":"shipping-taxable","16":"purchasable","17":"product-type-simple"},"_links":{"self":[{"href":"https:\/\/www.miravila.com\/hu\/wp-json\/wp\/v2\/product\/39116","targetHints":{"allow":["GET"]}}],"collection":[{"href":"https:\/\/www.miravila.com\/hu\/wp-json\/wp\/v2\/product"}],"about":[{"href":"https:\/\/www.miravila.com\/hu\/wp-json\/wp\/v2\/types\/product"}],"replies":[{"embeddable":true,"href":"https:\/\/www.miravila.com\/hu\/wp-json\/wp\/v2\/comments?post=39116"}],"wp:featuredmedia":[{"embeddable":true,"href":"https:\/\/www.miravila.com\/hu\/wp-json\/wp\/v2\/media\/24515"}],"wp:attachment":[{"href":"https:\/\/www.miravila.com\/hu\/wp-json\/wp\/v2\/media?parent=39116"}],"wp:term":[{"taxonomy":"product_brand","embeddable":true,"href":"https:\/\/www.miravila.com\/hu\/wp-json\/wp\/v2\/product_brand?post=39116"},{"taxonomy":"product_cat","embeddable":true,"href":"https:\/\/www.miravila.com\/hu\/wp-json\/wp\/v2\/product_cat?post=39116"},{"taxonomy":"product_tag","embeddable":true,"href":"https:\/\/www.miravila.com\/hu\/wp-json\/wp\/v2\/product_tag?post=39116"}],"curies":[{"name":"wp","href":"https:\/\/api.w.org\/{rel}","templated":true}]}}