{"id":39085,"date":"2024-11-11T16:35:17","date_gmt":"2024-11-12T09:47:58","guid":{"rendered":"https:\/\/www.miravila.com\/product\/gomb-uveg-ezust-arany-csillagok-d-12-cm\/"},"modified":"2024-11-13T08:39:35","modified_gmt":"2024-11-13T07:39:35","slug":"gomb-uveg-ezust-arany-csillagok-d-12-cm","status":"publish","type":"product","link":"https:\/\/www.miravila.com\/hu\/termek\/gomb-uveg-ezust-arany-csillagok-d-12-cm\/","title":{"rendered":"G\u00f6mb \u00fcveg ez\u00fcst + arany csillagok d-12 cm"},"content":{"rendered":"","protected":false},"excerpt":{"rendered":"<p>\u00daj\u00e9vi d\u00edsz matt ez\u00fcst sz\u00ednben, grav\u00edrozott arany csillagokkal.<\/p>\n","protected":false},"featured_media":24811,"comment_status":"closed","ping_status":"open","template":"","meta":[],"product_brand":[],"product_cat":[2034,3678],"product_tag":[5068,5074,5077],"class_list":{"0":"post-39085","1":"product","2":"type-product","3":"status-publish","4":"has-post-thumbnail","6":"product_cat-karacsony","7":"product_cat-ujevi-diszek","8":"product_tag-a-kiralyi-palota-gyujtemenye","9":"product_tag-feher-karacsonyi-kollekcio","10":"product_tag-hollywood-glamour-kollekcio","11":"pa_barva-ezust","12":"pa_premer-12-hu","13":"pa_velikost-12-hu","15":"first","16":"instock","17":"taxable","18":"shipping-taxable","19":"purchasable","20":"product-type-simple"},"_links":{"self":[{"href":"https:\/\/www.miravila.com\/hu\/wp-json\/wp\/v2\/product\/39085","targetHints":{"allow":["GET"]}}],"collection":[{"href":"https:\/\/www.miravila.com\/hu\/wp-json\/wp\/v2\/product"}],"about":[{"href":"https:\/\/www.miravila.com\/hu\/wp-json\/wp\/v2\/types\/product"}],"replies":[{"embeddable":true,"href":"https:\/\/www.miravila.com\/hu\/wp-json\/wp\/v2\/comments?post=39085"}],"wp:featuredmedia":[{"embeddable":true,"href":"https:\/\/www.miravila.com\/hu\/wp-json\/wp\/v2\/media\/24811"}],"wp:attachment":[{"href":"https:\/\/www.miravila.com\/hu\/wp-json\/wp\/v2\/media?parent=39085"}],"wp:term":[{"taxonomy":"product_brand","embeddable":true,"href":"https:\/\/www.miravila.com\/hu\/wp-json\/wp\/v2\/product_brand?post=39085"},{"taxonomy":"product_cat","embeddable":true,"href":"https:\/\/www.miravila.com\/hu\/wp-json\/wp\/v2\/product_cat?post=39085"},{"taxonomy":"product_tag","embeddable":true,"href":"https:\/\/www.miravila.com\/hu\/wp-json\/wp\/v2\/product_tag?post=39085"}],"curies":[{"name":"wp","href":"https:\/\/api.w.org\/{rel}","templated":true}]}}