{"id":39077,"date":"2024-11-11T16:46:35","date_gmt":"2024-11-12T09:47:35","guid":{"rendered":"https:\/\/www.miravila.com\/product\/gomb-uveg-gyongy-d-8-cm-multi\/"},"modified":"2024-11-13T08:37:24","modified_gmt":"2024-11-13T07:37:24","slug":"gomb-uveg-gyongy-d-8-cm-multi","status":"publish","type":"product","link":"https:\/\/www.miravila.com\/hu\/termek\/gomb-uveg-gyongy-d-8-cm-multi\/","title":{"rendered":"G\u00f6mb \u00fcveg gy\u00f6ngy d-8 cm multi"},"content":{"rendered":"","protected":false},"excerpt":{"rendered":"","protected":false},"featured_media":37432,"comment_status":"closed","ping_status":"open","template":"","meta":[],"product_brand":[],"product_cat":[2034,3678],"product_tag":[5072,5079,5065],"class_list":{"0":"post-39077","1":"product","2":"type-product","3":"status-publish","4":"has-post-thumbnail","6":"product_cat-karacsony","7":"product_cat-ujevi-diszek","8":"product_tag-adventi-puncs-kollekcio","9":"product_tag-candy-shop-kollekcio","10":"product_tag-rozsaszin-kollekcio","11":"pa_barva-ezust","12":"pa_barva-multi-color-hu","13":"pa_barva-rozsaszin","14":"pa_velikost-10-hu","15":"pa_velikost-8-hu","17":"first","18":"outofstock","19":"taxable","20":"shipping-taxable","21":"purchasable","22":"product-type-variable","23":"has-default-attributes"},"_links":{"self":[{"href":"https:\/\/www.miravila.com\/hu\/wp-json\/wp\/v2\/product\/39077","targetHints":{"allow":["GET"]}}],"collection":[{"href":"https:\/\/www.miravila.com\/hu\/wp-json\/wp\/v2\/product"}],"about":[{"href":"https:\/\/www.miravila.com\/hu\/wp-json\/wp\/v2\/types\/product"}],"replies":[{"embeddable":true,"href":"https:\/\/www.miravila.com\/hu\/wp-json\/wp\/v2\/comments?post=39077"}],"wp:featuredmedia":[{"embeddable":true,"href":"https:\/\/www.miravila.com\/hu\/wp-json\/wp\/v2\/media\/37432"}],"wp:attachment":[{"href":"https:\/\/www.miravila.com\/hu\/wp-json\/wp\/v2\/media?parent=39077"}],"wp:term":[{"taxonomy":"product_brand","embeddable":true,"href":"https:\/\/www.miravila.com\/hu\/wp-json\/wp\/v2\/product_brand?post=39077"},{"taxonomy":"product_cat","embeddable":true,"href":"https:\/\/www.miravila.com\/hu\/wp-json\/wp\/v2\/product_cat?post=39077"},{"taxonomy":"product_tag","embeddable":true,"href":"https:\/\/www.miravila.com\/hu\/wp-json\/wp\/v2\/product_tag?post=39077"}],"curies":[{"name":"wp","href":"https:\/\/api.w.org\/{rel}","templated":true}]}}