{"id":39070,"date":"2024-11-11T16:45:35","date_gmt":"2024-11-12T09:47:35","guid":{"rendered":"https:\/\/www.miravila.com\/product\/kor-uveg-miss-d-8-cm-rozsaszin-jeg\/"},"modified":"2024-11-13T08:37:28","modified_gmt":"2024-11-13T07:37:28","slug":"kor-uveg-miss-d-8-cm-rozsaszin-jeg","status":"publish","type":"product","link":"https:\/\/www.miravila.com\/hu\/termek\/kor-uveg-miss-d-8-cm-rozsaszin-jeg\/","title":{"rendered":"K\u00f6r \u00fcveg miss d-8 cm r\u00f3zsasz\u00edn j\u00e9g"},"content":{"rendered":"","protected":false},"excerpt":{"rendered":"","protected":false},"featured_media":37346,"comment_status":"closed","ping_status":"open","template":"","meta":[],"product_brand":[],"product_cat":[2034,3678],"product_tag":[5072,5079,5065],"class_list":{"0":"post-39070","1":"product","2":"type-product","3":"status-publish","4":"has-post-thumbnail","6":"product_cat-karacsony","7":"product_cat-ujevi-diszek","8":"product_tag-adventi-puncs-kollekcio","9":"product_tag-candy-shop-kollekcio","10":"product_tag-rozsaszin-kollekcio","11":"pa_barva-rozsaszin","12":"pa_velikost-8-hu","14":"first","15":"instock","16":"taxable","17":"shipping-taxable","18":"purchasable","19":"product-type-simple"},"_links":{"self":[{"href":"https:\/\/www.miravila.com\/hu\/wp-json\/wp\/v2\/product\/39070","targetHints":{"allow":["GET"]}}],"collection":[{"href":"https:\/\/www.miravila.com\/hu\/wp-json\/wp\/v2\/product"}],"about":[{"href":"https:\/\/www.miravila.com\/hu\/wp-json\/wp\/v2\/types\/product"}],"replies":[{"embeddable":true,"href":"https:\/\/www.miravila.com\/hu\/wp-json\/wp\/v2\/comments?post=39070"}],"wp:featuredmedia":[{"embeddable":true,"href":"https:\/\/www.miravila.com\/hu\/wp-json\/wp\/v2\/media\/37346"}],"wp:attachment":[{"href":"https:\/\/www.miravila.com\/hu\/wp-json\/wp\/v2\/media?parent=39070"}],"wp:term":[{"taxonomy":"product_brand","embeddable":true,"href":"https:\/\/www.miravila.com\/hu\/wp-json\/wp\/v2\/product_brand?post=39070"},{"taxonomy":"product_cat","embeddable":true,"href":"https:\/\/www.miravila.com\/hu\/wp-json\/wp\/v2\/product_cat?post=39070"},{"taxonomy":"product_tag","embeddable":true,"href":"https:\/\/www.miravila.com\/hu\/wp-json\/wp\/v2\/product_tag?post=39070"}],"curies":[{"name":"wp","href":"https:\/\/api.w.org\/{rel}","templated":true}]}}