{"id":39069,"date":"2024-11-11T16:44:05","date_gmt":"2024-11-12T09:47:35","guid":{"rendered":"https:\/\/www.miravila.com\/product\/cukorbotrany-uveg-h-19-cm-rozsaszin\/"},"modified":"2024-11-13T08:37:36","modified_gmt":"2024-11-13T07:37:36","slug":"cukorbotrany-uveg-h-19-cm-rozsaszin","status":"publish","type":"product","link":"https:\/\/www.miravila.com\/hu\/termek\/cukorbotrany-uveg-h-19-cm-rozsaszin\/","title":{"rendered":"Cukorbotr\u00e1ny \u00fcveg h-19 cm r\u00f3zsasz\u00edn"},"content":{"rendered":"","protected":false},"excerpt":{"rendered":"","protected":false},"featured_media":37175,"comment_status":"closed","ping_status":"open","template":"","meta":[],"product_brand":[],"product_cat":[2034,3678],"product_tag":[5079,5065],"class_list":{"0":"post-39069","1":"product","2":"type-product","3":"status-publish","4":"has-post-thumbnail","6":"product_cat-karacsony","7":"product_cat-ujevi-diszek","8":"product_tag-candy-shop-kollekcio","9":"product_tag-rozsaszin-kollekcio","10":"pa_barva-rozsaszin","11":"pa_velikost-19-cm-hu","13":"first","14":"instock","15":"taxable","16":"shipping-taxable","17":"purchasable","18":"product-type-simple"},"_links":{"self":[{"href":"https:\/\/www.miravila.com\/hu\/wp-json\/wp\/v2\/product\/39069","targetHints":{"allow":["GET"]}}],"collection":[{"href":"https:\/\/www.miravila.com\/hu\/wp-json\/wp\/v2\/product"}],"about":[{"href":"https:\/\/www.miravila.com\/hu\/wp-json\/wp\/v2\/types\/product"}],"replies":[{"embeddable":true,"href":"https:\/\/www.miravila.com\/hu\/wp-json\/wp\/v2\/comments?post=39069"}],"wp:featuredmedia":[{"embeddable":true,"href":"https:\/\/www.miravila.com\/hu\/wp-json\/wp\/v2\/media\/37175"}],"wp:attachment":[{"href":"https:\/\/www.miravila.com\/hu\/wp-json\/wp\/v2\/media?parent=39069"}],"wp:term":[{"taxonomy":"product_brand","embeddable":true,"href":"https:\/\/www.miravila.com\/hu\/wp-json\/wp\/v2\/product_brand?post=39069"},{"taxonomy":"product_cat","embeddable":true,"href":"https:\/\/www.miravila.com\/hu\/wp-json\/wp\/v2\/product_cat?post=39069"},{"taxonomy":"product_tag","embeddable":true,"href":"https:\/\/www.miravila.com\/hu\/wp-json\/wp\/v2\/product_tag?post=39069"}],"curies":[{"name":"wp","href":"https:\/\/api.w.org\/{rel}","templated":true}]}}