{"id":39059,"date":"2024-11-12T10:47:16","date_gmt":"2024-11-12T09:47:16","guid":{"rendered":"https:\/\/www.miravila.com\/product\/hopehely-medal-gemme-cof-h-22-cm-arany-rozsaszin\/"},"modified":"2024-11-13T08:36:40","modified_gmt":"2024-11-13T07:36:40","slug":"hopehely-medal-gemme-cof-h-22-cm-arany-rozsaszin","status":"publish","type":"product","link":"https:\/\/www.miravila.com\/hu\/termek\/hopehely-medal-gemme-cof-h-22-cm-arany-rozsaszin\/","title":{"rendered":"H\u00f3pehely med\u00e1l gemme\/cof h-22 cm arany-R\u00f3zsasz\u00edn"},"content":{"rendered":"","protected":false},"excerpt":{"rendered":"<p>\u00daj\u00e9vi d\u00edsz F\u00dcGG\u0150S\u00c9G H\u00d3PELYH GY\u00d6NGY\/COF H-22 CM ARANY-R\u00d3ZSASZ\u00cdN<\/p>\n","protected":false},"featured_media":25676,"comment_status":"closed","ping_status":"open","template":"","meta":[],"product_brand":[],"product_cat":[2034,3678],"product_tag":[],"class_list":{"0":"post-39059","1":"product","2":"type-product","3":"status-publish","4":"has-post-thumbnail","6":"product_cat-karacsony","7":"product_cat-ujevi-diszek","8":"pa_barva-rozsaszin","9":"pa_velikost-22-cm","11":"first","12":"outofstock","13":"taxable","14":"shipping-taxable","15":"purchasable","16":"product-type-simple"},"_links":{"self":[{"href":"https:\/\/www.miravila.com\/hu\/wp-json\/wp\/v2\/product\/39059","targetHints":{"allow":["GET"]}}],"collection":[{"href":"https:\/\/www.miravila.com\/hu\/wp-json\/wp\/v2\/product"}],"about":[{"href":"https:\/\/www.miravila.com\/hu\/wp-json\/wp\/v2\/types\/product"}],"replies":[{"embeddable":true,"href":"https:\/\/www.miravila.com\/hu\/wp-json\/wp\/v2\/comments?post=39059"}],"wp:featuredmedia":[{"embeddable":true,"href":"https:\/\/www.miravila.com\/hu\/wp-json\/wp\/v2\/media\/25676"}],"wp:attachment":[{"href":"https:\/\/www.miravila.com\/hu\/wp-json\/wp\/v2\/media?parent=39059"}],"wp:term":[{"taxonomy":"product_brand","embeddable":true,"href":"https:\/\/www.miravila.com\/hu\/wp-json\/wp\/v2\/product_brand?post=39059"},{"taxonomy":"product_cat","embeddable":true,"href":"https:\/\/www.miravila.com\/hu\/wp-json\/wp\/v2\/product_cat?post=39059"},{"taxonomy":"product_tag","embeddable":true,"href":"https:\/\/www.miravila.com\/hu\/wp-json\/wp\/v2\/product_tag?post=39059"}],"curies":[{"name":"wp","href":"https:\/\/api.w.org\/{rel}","templated":true}]}}