{"id":39038,"date":"2024-11-11T16:34:01","date_gmt":"2024-11-12T09:46:57","guid":{"rendered":"https:\/\/www.miravila.com\/product\/kerek-uveg-rozsaszin-matt-d-8-cm-szett-6\/"},"modified":"2024-11-13T08:40:06","modified_gmt":"2024-11-13T07:40:06","slug":"kerek-uveg-rozsaszin-matt-d-8-cm-szett-6","status":"publish","type":"product","link":"https:\/\/www.miravila.com\/hu\/termek\/kerek-uveg-rozsaszin-matt-d-8-cm-szett-6\/","title":{"rendered":"Kerek \u00fcveg r\u00f3zsasz\u00edn matt d-8 cm \/ szett 6"},"content":{"rendered":"","protected":false},"excerpt":{"rendered":"<p>\u00daj\u00e9vi d\u00edsz<\/p>\n","protected":false},"featured_media":25837,"comment_status":"closed","ping_status":"open","template":"","meta":[],"product_brand":[],"product_cat":[2034,3678],"product_tag":[5072,5079],"class_list":{"0":"post-39038","1":"product","2":"type-product","3":"status-publish","4":"has-post-thumbnail","6":"product_cat-karacsony","7":"product_cat-ujevi-diszek","8":"product_tag-adventi-puncs-kollekcio","9":"product_tag-candy-shop-kollekcio","10":"pa_barva-rozsaszin","11":"pa_velikost-8-hu","13":"first","14":"instock","15":"taxable","16":"shipping-taxable","17":"purchasable","18":"product-type-simple"},"_links":{"self":[{"href":"https:\/\/www.miravila.com\/hu\/wp-json\/wp\/v2\/product\/39038","targetHints":{"allow":["GET"]}}],"collection":[{"href":"https:\/\/www.miravila.com\/hu\/wp-json\/wp\/v2\/product"}],"about":[{"href":"https:\/\/www.miravila.com\/hu\/wp-json\/wp\/v2\/types\/product"}],"replies":[{"embeddable":true,"href":"https:\/\/www.miravila.com\/hu\/wp-json\/wp\/v2\/comments?post=39038"}],"wp:featuredmedia":[{"embeddable":true,"href":"https:\/\/www.miravila.com\/hu\/wp-json\/wp\/v2\/media\/25837"}],"wp:attachment":[{"href":"https:\/\/www.miravila.com\/hu\/wp-json\/wp\/v2\/media?parent=39038"}],"wp:term":[{"taxonomy":"product_brand","embeddable":true,"href":"https:\/\/www.miravila.com\/hu\/wp-json\/wp\/v2\/product_brand?post=39038"},{"taxonomy":"product_cat","embeddable":true,"href":"https:\/\/www.miravila.com\/hu\/wp-json\/wp\/v2\/product_cat?post=39038"},{"taxonomy":"product_tag","embeddable":true,"href":"https:\/\/www.miravila.com\/hu\/wp-json\/wp\/v2\/product_tag?post=39038"}],"curies":[{"name":"wp","href":"https:\/\/api.w.org\/{rel}","templated":true}]}}